{"id":280,"date":"2025-09-01T10:45:17","date_gmt":"2025-09-01T10:45:17","guid":{"rendered":"https:\/\/dev.wearin.tech\/?page_id=280"},"modified":"2025-11-17T09:50:58","modified_gmt":"2025-11-17T09:50:58","slug":"governance","status":"publish","type":"page","link":"https:\/\/dev.wearin.tech\/fr\/governance\/","title":{"rendered":"Gouvernance"},"content":{"rendered":"<section class=\"page-hero2-section\" style=\"background-image: url(https:\/\/dev.wearin.tech\/wp-content\/uploads\/2025\/11\/header_static_2560x1440_Governance.webp);\">\r\n        <div class=\"container\">\r\n        <div class=\"row align-items-end half-height\">\r\n            <div class=\"col-lg-10\">\r\n                <div class=\"section-title\"><h6>Gouvernance<\/h6><h1>NOS CLIENTS SONT NOTRE MOTEUR,\u00a0<blue>NOS VALEURS FONDAMENTALES NOUS GUIDENT<\/blue><\/h1><p>Nos VALEURS d\u00e9crivent notre fa\u00e7on de travailler et ce qui est le plus important pour nous. Nous avons simplement mis des mots sur les m\u00eames valeurs d'innovation et de collaboration que celles sur lesquelles Walter Werner Fischer a fond\u00e9 l'entreprise il y a plus de 70 ans.<\/p><\/div>            <\/div>\r\n        <\/div>\r\n    <\/div>\r\n<\/section>\n\n<section class=\"solutions-section\" id=\"\">\r\n    <div class=\"container\">\r\n        <div class=\"row justify-content-center\">\r\n            <div class=\"col-lg-10\">\r\n                <div class=\"section-title\">\r\n                                    <\/div>\r\n            <\/div>\r\n        <\/div>\r\n        <div class=\"row c3\">\r\n            <div class=\"col-lg-4 spacer\"><div class=\"box\"><div class=\"image\" style=\"background-image:url(https:\/\/dev.wearin.tech\/wp-content\/uploads\/2025\/09\/icon23.svg);\"><\/div><h4>Respect<\/h4><p>Nous pla\u00e7ons le respect \u00e0 la base de toutes nos interactions.<\/p>\n<\/div><\/div><div class=\"col-lg-4 spacer\"><div class=\"box\"><div class=\"image\" style=\"background-image:url(https:\/\/dev.wearin.tech\/wp-content\/uploads\/2025\/09\/icon24.svg);\"><\/div><h4>Collaboration<\/h4><p>Ensemble, nous pouvons fa\u00e7onner l'avenir.<\/p>\n<\/div><\/div><div class=\"col-lg-4 spacer\"><div class=\"box\"><div class=\"image\" style=\"background-image:url(https:\/\/dev.wearin.tech\/wp-content\/uploads\/2025\/09\/icon25.svg);\"><\/div><h4>Esprit d'entreprise<\/h4><p>Nous assumons la responsabilit\u00e9 personnelle d'un changement positif.<\/p>\n<\/div><\/div><div class=\"col-lg-4 spacer\"><div class=\"box\"><div class=\"image\" style=\"background-image:url(https:\/\/dev.wearin.tech\/wp-content\/uploads\/2025\/09\/icon26.svg);\"><\/div><h4>L'innovation<\/h4><p>Nous transformons les d\u00e9fis en solutions cr\u00e9atives.<\/p>\n<\/div><\/div><div class=\"col-lg-4 spacer\"><div class=\"box\"><div class=\"image\" style=\"background-image:url(https:\/\/dev.wearin.tech\/wp-content\/uploads\/2025\/09\/icon27.svg);\"><\/div><h4>Long\u00e9vit\u00e9<\/h4><p>Nous cr\u00e9ons une valeur durable.<\/p>\n<\/div><\/div><div class=\"col-lg-4 spacer\"><div class=\"box\"><div class=\"image\" style=\"background-image:url(https:\/\/dev.wearin.tech\/wp-content\/uploads\/2025\/09\/icon28.svg);\"><\/div><h4>L'excellence<\/h4><p>Nous d\u00e9passons les attentes des clients.<\/p>\n<\/div><\/div>        <\/div>\r\n    <\/div>\r\n<\/section>\n\n<section class=\"content-1-section\" id=\"\">\r\n    <div class=\"container\">\r\n        <div class=\"row align-items-center\">\r\n            <div class=\"col-lg-6\">\r\n                <div class=\"text-block\"><h2><blue>CONEXTIVIT\u00c9<\/blue> DIRECTION DU GROUPE<\/h2><p>La vision que nous formons pour notre industrie est l'expression de notre leadership et de notre sens des responsabilit\u00e9s pour notre groupe.<\/p>\n<p>Tous les choix et activit\u00e9s de notre \u00e9quipe de direction visent \u00e0 offrir aux clients une valeur durable, garantissant la pertinence et l'excellence de notre groupe sur les march\u00e9s actuels et futurs.<\/p>\n<p>Notre direction a la responsabilit\u00e9 de perp\u00e9tuer le r\u00f4le essentiel que joue notre groupe en fournissant des solutions fiables et innovantes pour les \u00e9cosyst\u00e8mes critiques dans des environnements exigeants.<\/p>\n<a class=\"c-btn light-btn\" href=\"https:\/\/dev.wearin.tech\/fr\/people\/\" target=\"_blank\">Rencontrez l'\u00e9quipe Wearin\u2019<\/a><a class=\"c-btn dark-btn\" href=\"https:\/\/conextivity.com\/our-management\/\" target=\"_blank\">Pr\u00e9sentation de la direction du groupe<\/a><\/div>            <\/div>\r\n            <div class=\"col-lg-6\">\r\n                <div class=\"image-block\"><img decoding=\"async\" src=\"https:\/\/dev.wearin.tech\/wp-content\/uploads\/2025\/09\/image36.svg\" alt=\"\" \/><\/div>            <\/div>\r\n        <\/div>\r\n    <\/div>\r\n<\/section>\n\n<section class=\"content-2-section\" id=\"\">\r\n    <div class=\"container\">\r\n        <div class=\"row\">\r\n            <div class=\"col-12\">\r\n                <div class=\"section-title\"><h2>CODE DE CONDUITE<\/h2><p>L'int\u00e9grit\u00e9 est au c\u0153ur de toutes nos activit\u00e9s. Notre code de conduite traduit nos engagements dans quatre domaines principaux : <\/p>\n<\/div>            <\/div>\r\n        <\/div>\r\n        <div class=\"row\">\r\n            <div class=\"col-lg-3 col-md-6 spacer\"><div class=\"box\"><span>1<\/span><p>Engagement envers nos collaborateurs<\/p><\/div><\/div><div class=\"col-lg-3 col-md-6 spacer\"><div class=\"box\"><span>2<\/span><p>Engagement en faveur de l'int\u00e9grit\u00e9 des affaires<\/p><\/div><\/div><div class=\"col-lg-3 col-md-6 spacer\"><div class=\"box\"><span>3<\/span><p>Engagement \u00e0 prot\u00e9ger les actifs du groupe<\/p><\/div><\/div><div class=\"col-lg-3 col-md-6 spacer\"><div class=\"box\"><span>4<\/span><p>Engagement en faveur d'une croissance durable<\/p><\/div><\/div>        <\/div>\r\n        <div class=\"row justify-content-center\">\r\n            <div class=\"col-lg-10\">\r\n                <div class=\"text-block\">\r\n                    <h2>SPEAK UP<\/h2><p>Au sein de notre groupe, nous nous engageons \u00e0 respecter la loi et \u00e0 agir avec int\u00e9grit\u00e9. Pour nous, l'int\u00e9grit\u00e9 signifie faire ce qui est juste, m\u00eame lorsque personne ne nous regarde. Et vous pouvez compter sur nous.<\/p>\n<a class=\"c-btn light-btn\" href=\"https:\/\/conextivity.com\/speak-up\/\" target=\"_self\">En savoir plus<\/a>                <\/div>\r\n            <\/div>\r\n        <\/div>\r\n<\/section>","protected":false},"excerpt":{"rendered":"","protected":false},"author":1,"featured_media":0,"parent":0,"menu_order":0,"comment_status":"closed","ping_status":"closed","template":"","meta":{"_acf_changed":false,"inline_featured_image":false,"footnotes":""},"class_list":["post-280","page","type-page","status-publish","hentry"],"acf":[],"_links":{"self":[{"href":"https:\/\/dev.wearin.tech\/fr\/wp-json\/wp\/v2\/pages\/280","targetHints":{"allow":["GET"]}}],"collection":[{"href":"https:\/\/dev.wearin.tech\/fr\/wp-json\/wp\/v2\/pages"}],"about":[{"href":"https:\/\/dev.wearin.tech\/fr\/wp-json\/wp\/v2\/types\/page"}],"author":[{"embeddable":true,"href":"https:\/\/dev.wearin.tech\/fr\/wp-json\/wp\/v2\/users\/1"}],"replies":[{"embeddable":true,"href":"https:\/\/dev.wearin.tech\/fr\/wp-json\/wp\/v2\/comments?post=280"}],"version-history":[{"count":11,"href":"https:\/\/dev.wearin.tech\/fr\/wp-json\/wp\/v2\/pages\/280\/revisions"}],"predecessor-version":[{"id":1936,"href":"https:\/\/dev.wearin.tech\/fr\/wp-json\/wp\/v2\/pages\/280\/revisions\/1936"}],"wp:attachment":[{"href":"https:\/\/dev.wearin.tech\/fr\/wp-json\/wp\/v2\/media?parent=280"}],"curies":[{"name":"wp","href":"https:\/\/api.w.org\/{rel}","templated":true}]}}