{"id":318,"date":"2025-09-01T11:28:26","date_gmt":"2025-09-01T11:28:26","guid":{"rendered":"https:\/\/dev.wearin.tech\/?page_id=318"},"modified":"2025-11-24T14:16:14","modified_gmt":"2025-11-24T14:16:14","slug":"inovation","status":"publish","type":"page","link":"https:\/\/dev.wearin.tech\/fr\/inovation\/","title":{"rendered":"L'innovation"},"content":{"rendered":"<section class=\"page-hero2-section\" style=\"background-image: url(https:\/\/dev.wearin.tech\/wp-content\/uploads\/2025\/11\/header_static_2560x1440_innovation-1.webp);\">\r\n        <div class=\"container\">\r\n        <div class=\"row align-items-end half-height\">\r\n            <div class=\"col-lg-10\">\r\n                <div class=\"section-title\"><h6>L'innovation<\/h6><h1>ADVANCING SAFETY THROUGH INNOVATION AND SMART TECHNOLOGY<\/h1><p>Wearin\u2019 est un partenaire cl\u00e9 dans deux projets novateurs visant \u00e0 am\u00e9liorer la s\u00e9curit\u00e9 des premiers intervenants, la connaissance de la situation et l'efficacit\u00e9 op\u00e9rationnelle.<\/p><\/div>            <\/div>\r\n        <\/div>\r\n    <\/div>\r\n<\/section>\n\n<section class=\"inovations-section\" id=\"\">\r\n    <div class=\"container\">\r\n        <div class=\"row justify-content-center\">\r\n            <div class=\"col-lg-10\">\r\n                <div class=\"article-box\"><div class=\"image\" style=\"background-image:url(https:\/\/dev.wearin.tech\/wp-content\/uploads\/2025\/09\/image40.webp);\"><\/div><div class=\"text\"><h3>SYNERGISE<\/h3><p>L'objectif est de d\u00e9velopper une bo\u00eete \u00e0 outils int\u00e9gr\u00e9e pour am\u00e9liorer la s\u00e9curit\u00e9 des premiers intervenants et la gestion des catastrophes naturelles et d'origine humaine.<\/p>\n<a class=\"c-btn dark-btn\" href=\"https:\/\/dev.wearin.tech\/fr\/synergise\/\" target=\"_self\">Lire la suite<\/a><\/div><\/div><div class=\"article-box\"><div class=\"image\" style=\"background-image:url(https:\/\/dev.wearin.tech\/wp-content\/uploads\/2025\/09\/image39.webp);\"><\/div><div class=\"text\"><h3>FORESIGHT<\/h3><p>L'objectif est d'am\u00e9liorer la navigation au dernier kilom\u00e8tre et le transport du personnel d'urgence, de l'\u00e9quipement et des articles de secours dans un environnement dangereux et difficile.<\/p>\n<a class=\"c-btn dark-btn\" href=\"https:\/\/dev.wearin.tech\/fr\/foresight\/\" target=\"_self\">Lire la suite<\/a><\/div><\/div>            <\/div>\r\n        <\/div>\r\n        <div class=\"row justify-content-center\">\r\n            <div class=\"col-lg-9\">\r\n                <div class=\"text-block\">\r\n                    <img decoding=\"async\" src=\"https:\/\/dev.wearin.tech\/wp-content\/uploads\/2025\/09\/image38.webp\" alt=\"\" \/><p class=\"translation-block\">Ces projets sont financ\u00e9s par Horizon Europe, le fonds europ\u00e9en de recherche et d'innovation de l'Union Europ\u00e9enne, et le Secr\u00e9tariat d'\u00c9tat \u00e0 l'\u00e9ducation, \u00e0 la recherche et \u00e0 l'innovation de la Suisse (SERI).<\/p>\n                <\/div>\r\n            <\/div>\r\n        <\/div>\r\n    <\/div>\r\n<\/section>","protected":false},"excerpt":{"rendered":"","protected":false},"author":1,"featured_media":0,"parent":0,"menu_order":0,"comment_status":"closed","ping_status":"closed","template":"","meta":{"_acf_changed":false,"inline_featured_image":false,"footnotes":""},"class_list":["post-318","page","type-page","status-publish","hentry"],"acf":[],"_links":{"self":[{"href":"https:\/\/dev.wearin.tech\/fr\/wp-json\/wp\/v2\/pages\/318","targetHints":{"allow":["GET"]}}],"collection":[{"href":"https:\/\/dev.wearin.tech\/fr\/wp-json\/wp\/v2\/pages"}],"about":[{"href":"https:\/\/dev.wearin.tech\/fr\/wp-json\/wp\/v2\/types\/page"}],"author":[{"embeddable":true,"href":"https:\/\/dev.wearin.tech\/fr\/wp-json\/wp\/v2\/users\/1"}],"replies":[{"embeddable":true,"href":"https:\/\/dev.wearin.tech\/fr\/wp-json\/wp\/v2\/comments?post=318"}],"version-history":[{"count":7,"href":"https:\/\/dev.wearin.tech\/fr\/wp-json\/wp\/v2\/pages\/318\/revisions"}],"predecessor-version":[{"id":2174,"href":"https:\/\/dev.wearin.tech\/fr\/wp-json\/wp\/v2\/pages\/318\/revisions\/2174"}],"wp:attachment":[{"href":"https:\/\/dev.wearin.tech\/fr\/wp-json\/wp\/v2\/media?parent=318"}],"curies":[{"name":"wp","href":"https:\/\/api.w.org\/{rel}","templated":true}]}}