{"id":407,"date":"2025-09-01T18:26:03","date_gmt":"2025-09-01T18:26:03","guid":{"rendered":"https:\/\/dev.wearin.tech\/?page_id=407"},"modified":"2025-11-03T13:27:57","modified_gmt":"2025-11-03T13:27:57","slug":"people","status":"publish","type":"page","link":"https:\/\/dev.wearin.tech\/fr\/people\/","title":{"rendered":"Les personnes"},"content":{"rendered":"<section class=\"page-hero2-section\" style=\"background-image: url(https:\/\/dev.wearin.tech\/wp-content\/uploads\/2025\/11\/header_static_2560x1440_Partners-1.webp);\">\r\n        <div class=\"container\">\r\n        <div class=\"row align-items-end half-height\">\r\n            <div class=\"col-lg-10\">\r\n                <div class=\"section-title\"><h6>Les personnes<\/h6><h1>LES HUMAINS CONNECT\u00c9S SONT DES HUMAINS PROT\u00c9G\u00c9S.<\/h1><p>Nous sommes convaincus que la technologie de l'humain connect\u00e9 est garante de m\u00e9thodes de travail plus s\u00fbres et plus intelligentes. C'est pourquoi Wearin\u2019 contribue \u00e0 mettre en relation les professionnels expos\u00e9s aux risques avec les gens et les technologies qui les prot\u00e8gent.<\/p><\/div>            <\/div>\r\n        <\/div>\r\n    <\/div>\r\n<\/section>\n\n<section class=\"team-section dark\" id=\"\">\r\n    <div class=\"container\">\r\n        <div class=\"row\"><div class=\"col-12\"><div class=\"section-title\"><h2>ON VOUS PR\u00c9SENTE L'\u00c9QUIPE <blue>WEARIN'<\/blue><\/h2><\/div><\/div><\/div>        <div class=\"row\">\r\n            <div class=\"col-lg-3 col-md-6 spacer\"><div class=\"team-box\" style=\"background-image:url(https:\/\/dev.wearin.tech\/wp-content\/uploads\/2025\/09\/team01.webp);\"><div class=\"text\"><h4>Adri\u00e0<\/h4><h5>D\u00e9veloppeur Android<\/h5><\/div><\/div><\/div><div class=\"col-lg-3 col-md-6 spacer\"><div class=\"team-box\" style=\"background-image:url(https:\/\/dev.wearin.tech\/wp-content\/uploads\/2025\/09\/team03.webp);\"><div class=\"text\"><h4>Alvaro<\/h4><h5>Directeur de la technologie<\/h5><a class=\"link\" href=\"https:\/\/www.linkedin.com\/in\/alvaro-goncalves-5779a99\/\" target=\"_blank\"><\/a><\/div><\/div><\/div><div class=\"col-lg-3 col-md-6 spacer\"><div class=\"team-box\" style=\"background-image:url(https:\/\/dev.wearin.tech\/wp-content\/uploads\/2025\/09\/team04.webp);\"><div class=\"text\"><h4>Arnaud<\/h4><h5>Ing\u00e9nieur en \u00e9lectronique R&amp;D<\/h5><\/div><\/div><\/div><div class=\"col-lg-3 col-md-6 spacer\"><div class=\"team-box\" style=\"background-image:url(https:\/\/dev.wearin.tech\/wp-content\/uploads\/2025\/09\/team05.webp);\"><div class=\"text\"><h4>Aur\u00e9lie<\/h4><h5>Responsable des logiciels et des syst\u00e8mes et chef technique<\/h5><\/div><\/div><\/div><div class=\"col-lg-3 col-md-6 spacer\"><div class=\"team-box\" style=\"background-image:url(https:\/\/dev.wearin.tech\/wp-content\/uploads\/2025\/09\/team06.webp);\"><div class=\"text\"><h4>Bastien<\/h4><h5>Responsable produit<\/h5><a class=\"link\" href=\"https:\/\/www.linkedin.com\/in\/bastian-peter\/\" target=\"_blank\"><\/a><\/div><\/div><\/div><div class=\"col-lg-3 col-md-6 spacer\"><div class=\"team-box\" style=\"background-image:url(https:\/\/dev.wearin.tech\/wp-content\/uploads\/2025\/09\/team07.webp);\"><div class=\"text\"><h4>Bruna<\/h4><h5>Sp\u00e9cialiste en marketing<\/h5><a class=\"link\" href=\"https:\/\/www.linkedin.com\/in\/bruna-santos-17972816b\/\" target=\"_blank\"><\/a><\/div><\/div><\/div><div class=\"col-lg-3 col-md-6 spacer\"><div class=\"team-box\" style=\"background-image:url(https:\/\/dev.wearin.tech\/wp-content\/uploads\/2025\/09\/team09.webp);\"><div class=\"text\"><h4>Caroline<\/h4><h5>Responsable marketing et juridique<\/h5><a class=\"link\" href=\"https:\/\/www.linkedin.com\/in\/carolineosti\/\" target=\"_blank\"><\/a><\/div><\/div><\/div><div class=\"col-lg-3 col-md-6 spacer\"><div class=\"team-box\" style=\"background-image:url(https:\/\/dev.wearin.tech\/wp-content\/uploads\/2025\/11\/Photo-portrait_Chloe-Duriez.webp);\"><div class=\"text\"><h4>Chlo\u00e9<\/h4><h5>Directrice WEARIN\u2019 | CIO Conextivity Group<\/h5><a class=\"link\" href=\"https:\/\/www.linkedin.com\/in\/chloeduriez\/\" target=\"_blank\"><\/a><\/div><\/div><\/div>        <\/div>\r\n    <\/div>\r\n<\/section>\n\n<section class=\"team-section light\" id=\"\">\r\n    <div class=\"container\">\r\n                <div class=\"row\">\r\n            <div class=\"col-lg-3 col-md-6 spacer\"><div class=\"team-box\" style=\"background-image:url(https:\/\/dev.wearin.tech\/wp-content\/uploads\/2025\/10\/DAGUERRE_Daniel_portrait-e1761659025608.jpg);\"><div class=\"text\"><h4>Daniel<\/h4><h5>Directeur commercial<\/h5><a class=\"link\" href=\"https:\/\/www.linkedin.com\/in\/daniel-daguerre-0455b51\/\" target=\"_blank\"><\/a><\/div><\/div><\/div><div class=\"col-lg-3 col-md-6 spacer\"><div class=\"team-box\" style=\"background-image:url(https:\/\/dev.wearin.tech\/wp-content\/uploads\/2025\/09\/team11.webp);\"><div class=\"text\"><h4>Diogo<\/h4><h5>Ing\u00e9nieur Front End<\/h5><\/div><\/div><\/div><div class=\"col-lg-3 col-md-6 spacer\"><div class=\"team-box\" style=\"background-image:url(https:\/\/dev.wearin.tech\/wp-content\/uploads\/2025\/09\/team12.webp);\"><div class=\"text\"><h4>Diogo<\/h4><h5>Ing\u00e9nieur logiciel Embeeded<\/h5><\/div><\/div><\/div><div class=\"col-lg-3 col-md-6 spacer\"><div class=\"team-box\" style=\"background-image:url(https:\/\/dev.wearin.tech\/wp-content\/uploads\/2025\/09\/team13.webp);\"><div class=\"text\"><h4>Edgar<\/h4><h5>Data Scientist AI<\/h5><\/div><\/div><\/div><div class=\"col-lg-3 col-md-6 spacer\"><div class=\"team-box\" style=\"background-image:url(https:\/\/dev.wearin.tech\/wp-content\/uploads\/2025\/09\/team14.webp);\"><div class=\"text\"><h4>Estelle<\/h4><h5>Ing\u00e9nieur en logiciel embarqu\u00e9<\/h5><\/div><\/div><\/div><div class=\"col-lg-3 col-md-6 spacer\"><div class=\"team-box\" style=\"background-image:url(https:\/\/dev.wearin.tech\/wp-content\/uploads\/2025\/10\/Hithem_Moncer_portrait-e1761658990202.jpg);\"><div class=\"text\"><h4>Hithem<\/h4><h5>Responsable des ventes et du d\u00e9veloppement des affaires<\/h5><a class=\"link\" href=\"https:\/\/www.linkedin.com\/in\/hithem-moncer\/\" target=\"_blank\"><\/a><\/div><\/div><\/div><div class=\"col-lg-3 col-md-6 spacer\"><div class=\"team-box\" style=\"background-image:url(https:\/\/dev.wearin.tech\/wp-content\/uploads\/2025\/09\/tema16.webp);\"><div class=\"text\"><h4>Ivan<\/h4><h5>Marketing et communication<\/h5><a class=\"link\" href=\"https:\/\/www.linkedin.com\/in\/ivanschnider\/\" target=\"_blank\"><\/a><\/div><\/div><\/div><div class=\"col-lg-3 col-md-6 spacer\"><div class=\"team-box\" style=\"background-image:url(https:\/\/dev.wearin.tech\/wp-content\/uploads\/2025\/09\/team17.webp);\"><div class=\"text\"><h4>Jean-Michel<\/h4><h5>COO Conextivity Group<\/h5><a class=\"link\" href=\"https:\/\/www.linkedin.com\/in\/jean-michel-puiatti-898752\/\" target=\"_blank\"><\/a><\/div><\/div><\/div>        <\/div>\r\n    <\/div>\r\n<\/section>\n\n<section class=\"team-section dark\" id=\"\">\r\n    <div class=\"container\">\r\n                <div class=\"row\">\r\n            <div class=\"col-lg-3 col-md-6 spacer\"><div class=\"team-box\" style=\"background-image:url(https:\/\/dev.wearin.tech\/wp-content\/uploads\/2025\/09\/team20.webp);\"><div class=\"text\"><h4>Jonathan<\/h4><h5>CEO Conextivity Group<\/h5><a class=\"link\" href=\"https:\/\/www.linkedin.com\/in\/jonathan-brossard-190827103\/\" target=\"_blank\"><\/a><\/div><\/div><\/div><div class=\"col-lg-3 col-md-6 spacer\"><div class=\"team-box\" style=\"background-image:url(https:\/\/dev.wearin.tech\/wp-content\/uploads\/2025\/09\/team19.webp);\"><div class=\"text\"><h4>Jonathan<\/h4><h5>Technicien en prototypage \u00e9lectronique<\/h5><\/div><\/div><\/div><div class=\"col-lg-3 col-md-6 spacer\"><div class=\"team-box\" style=\"background-image:url(https:\/\/dev.wearin.tech\/wp-content\/uploads\/2025\/10\/GELLAERTS-Jules_portrait-e1761661905736.jpg);\"><div class=\"text\"><h4>Jules<\/h4><h5>Gestionnaire de tests et de versions de syst\u00e8mes<\/h5><\/div><\/div><\/div><div class=\"col-lg-3 col-md-6 spacer\"><div class=\"team-box\" style=\"background-image:url(https:\/\/dev.wearin.tech\/wp-content\/uploads\/2025\/10\/thumbnail_BUFFARD-Laura_portrait.jpg);\"><div class=\"text\"><h4>Laura<\/h4><h5>Directrice des solutions<\/h5><a class=\"link\" href=\"https:\/\/www.linkedin.com\/in\/laurabuffard\/\" target=\"_blank\"><\/a><\/div><\/div><\/div><div class=\"col-lg-3 col-md-6 spacer\"><div class=\"team-box\" style=\"background-image:url(https:\/\/dev.wearin.tech\/wp-content\/uploads\/2025\/09\/team21.webp);\"><div class=\"text\"><h4>Lien<\/h4><h5>Responsable du d\u00e9veloppement commercial<\/h5><a class=\"link\" href=\"https:\/\/www.linkedin.com\/in\/lien-pham-685a436\/\" target=\"_blank\"><\/a><\/div><\/div><\/div><div class=\"col-lg-3 col-md-6 spacer\"><div class=\"team-box\" style=\"background-image:url(https:\/\/dev.wearin.tech\/wp-content\/uploads\/2025\/09\/team22.webp);\"><div class=\"text\"><h4>Luca<\/h4><h5>Responsable de l'ing\u00e9nierie de l'informatique en nuage<\/h5><\/div><\/div><\/div><div class=\"col-lg-3 col-md-6 spacer\"><div class=\"team-box\" style=\"background-image:url(https:\/\/dev.wearin.tech\/wp-content\/uploads\/2025\/09\/team23.webp);\"><div class=\"text\"><h4>M\u00e1rcio<\/h4><h5>Chef de produit technique<\/h5><a class=\"link\" href=\"https:\/\/www.linkedin.com\/in\/mnobrega1\/\" target=\"_blank\"><\/a><\/div><\/div><\/div><div class=\"col-lg-3 col-md-6 spacer\"><div class=\"team-box\" style=\"background-image:url(https:\/\/dev.wearin.tech\/wp-content\/uploads\/2025\/09\/team25.webp);\"><div class=\"text\"><h4>Numa<\/h4><h5>Ing\u00e9nieur en logiciel embarqu\u00e9<\/h5><\/div><\/div><\/div>        <\/div>\r\n    <\/div>\r\n<\/section>\n\n<section class=\"team-section light\" id=\"\">\r\n    <div class=\"container\">\r\n                <div class=\"row\">\r\n            <div class=\"col-lg-3 col-md-6 spacer\"><div class=\"team-box\" style=\"background-image:url(https:\/\/dev.wearin.tech\/wp-content\/uploads\/2025\/09\/team27.webp);\"><div class=\"text\"><h4>Sabrina<\/h4><h5>Pr\u00e9sidente du Conseil d'administration<\/h5><a class=\"link\" href=\"https:\/\/www.linkedin.com\/in\/sabrina-brossard-8018519a\/\" target=\"_blank\"><\/a><\/div><\/div><\/div><div class=\"col-lg-3 col-md-6 spacer\"><div class=\"team-box\" style=\"background-image:url(https:\/\/dev.wearin.tech\/wp-content\/uploads\/2025\/09\/team28.webp);\"><div class=\"text\"><h4>Simon<\/h4><h5>Ing\u00e9nieur principal en informatique d\u00e9mat\u00e9rialis\u00e9e<\/h5><\/div><\/div><\/div><div class=\"col-lg-3 col-md-6 spacer\"><div class=\"team-box\" style=\"background-image:url(https:\/\/dev.wearin.tech\/wp-content\/uploads\/2025\/09\/team29.webp);\"><div class=\"text\"><h4>Tamas<\/h4><h5>Ing\u00e9nieur en informatique d\u00e9mat\u00e9rialis\u00e9e<\/h5><\/div><\/div><\/div><div class=\"col-lg-3 col-md-6 spacer\"><div class=\"team-box\" style=\"background-image:url(https:\/\/dev.wearin.tech\/wp-content\/uploads\/2025\/09\/team30.webp);\"><div class=\"text\"><h4>Tomislav<\/h4><h5>Responsable de l'ing\u00e9nierie \u00e9lectronique<\/h5><\/div><\/div><\/div><div class=\"col-lg-3 col-md-6 spacer\"><div class=\"team-box\" style=\"background-image:url(https:\/\/dev.wearin.tech\/wp-content\/uploads\/2025\/09\/team31.webp);\"><div class=\"text\"><h4>Wojtek<\/h4><h5>D\u00e9veloppeur Android<\/h5><\/div><\/div><\/div><div class=\"col-lg-3 col-md-6 spacer\"><div class=\"team-box\" style=\"background-image:url(https:\/\/dev.wearin.tech\/wp-content\/uploads\/2025\/09\/team32.webp);\"><div class=\"text\"><h4>Xavier<\/h4><h5>Architecte syst\u00e8me principal<\/h5><\/div><\/div><\/div><div class=\"col-lg-3 col-md-6 spacer\"><div class=\"team-box\" style=\"background-image:url(https:\/\/dev.wearin.tech\/wp-content\/uploads\/2025\/09\/team33.webp);\"><div class=\"text\"><h4>Yann<\/h4><h5>Ing\u00e9nieur principal en informatique d\u00e9mat\u00e9rialis\u00e9e<\/h5><\/div><\/div><\/div>        <\/div>\r\n    <\/div>\r\n<\/section>","protected":false},"excerpt":{"rendered":"","protected":false},"author":1,"featured_media":0,"parent":0,"menu_order":0,"comment_status":"closed","ping_status":"closed","template":"","meta":{"_acf_changed":false,"inline_featured_image":false,"footnotes":""},"class_list":["post-407","page","type-page","status-publish","hentry"],"acf":[],"_links":{"self":[{"href":"https:\/\/dev.wearin.tech\/fr\/wp-json\/wp\/v2\/pages\/407","targetHints":{"allow":["GET"]}}],"collection":[{"href":"https:\/\/dev.wearin.tech\/fr\/wp-json\/wp\/v2\/pages"}],"about":[{"href":"https:\/\/dev.wearin.tech\/fr\/wp-json\/wp\/v2\/types\/page"}],"author":[{"embeddable":true,"href":"https:\/\/dev.wearin.tech\/fr\/wp-json\/wp\/v2\/users\/1"}],"replies":[{"embeddable":true,"href":"https:\/\/dev.wearin.tech\/fr\/wp-json\/wp\/v2\/comments?post=407"}],"version-history":[{"count":16,"href":"https:\/\/dev.wearin.tech\/fr\/wp-json\/wp\/v2\/pages\/407\/revisions"}],"predecessor-version":[{"id":1307,"href":"https:\/\/dev.wearin.tech\/fr\/wp-json\/wp\/v2\/pages\/407\/revisions\/1307"}],"wp:attachment":[{"href":"https:\/\/dev.wearin.tech\/fr\/wp-json\/wp\/v2\/media?parent=407"}],"curies":[{"name":"wp","href":"https:\/\/api.w.org\/{rel}","templated":true}]}}