{"id":463,"date":"2025-09-01T19:57:38","date_gmt":"2025-09-01T19:57:38","guid":{"rendered":"https:\/\/dev.wearin.tech\/?page_id=463"},"modified":"2025-11-13T08:27:17","modified_gmt":"2025-11-13T08:27:17","slug":"about-us","status":"publish","type":"page","link":"https:\/\/dev.wearin.tech\/fr\/about-us\/","title":{"rendered":"\u00c0 propos de nous"},"content":{"rendered":"<section class=\"page-hero-section\" style=\"background-image: url();\">\r\n    <div class=\"video-container\"><video width=\"320\" height=\"240\" muted autoplay loop playsinline><source src=\"https:\/\/dev.wearin.tech\/wp-content\/uploads\/2025\/11\/header_about_us-1.mp4\" type=\"video\/mp4\">Votre navigateur ne prend pas en charge la balise vid\u00e9o.<\/video><\/div>    <div class=\"container\">\r\n        <div class=\"row align-items-end full-height\">\r\n            <div class=\"col-12\">\r\n                <div class=\"section-title\"><span>A propos de nous<\/span><h1>LA TECHNOLOGIE DE L'HOMME CONNECT\u00c9 POUR PROT\u00c9GER LES VIES HUMAINES<\/h1><p>Wearin\u2019 aims to connect and protect people in high-risk situations with intelligent IoT solutions that make missions safer and smarter.  We believe that IoT technology is the future of safer, smarter ways of working, especially in complex and high-risk environments. That\u2019s why our platform focuses on connecting humans\u2014 linking those at risk with the people and technology that can help protect them.  From first responders to security agents, firefighters to civilians, we see the humans behind the technology and work to keep them \u2014 and their data \u2014 safe.  Wearin\u2019 works with a global network of partners to break product silos, connect the dots, and offer an end-to-end solution for a range of applications.<\/p><a class=\"c-btn light-btn\" href=\"https:\/\/www.linkedin.com\/company\/52190497\/admin\/dashboard\/\" target=\"_blank\">Follow us<\/a><\/div>            <\/div>\r\n        <\/div>\r\n    <\/div>\r\n<\/section>\n\n<section class=\"content-1-section\" id=\"\">\r\n    <div class=\"container\">\r\n        <div class=\"row align-items-center\">\r\n            <div class=\"col-lg-6\">\r\n                <div class=\"text-block\"><h2>R\u00c9IMAGINER LA CONNECTIVIT\u00c9, <blue>ENSEMBLE.<\/blue><\/h2><p>Fond\u00e9e en 2019, Wearin\u2019 fait partie du groupe suisse Conextivity Group, un groupe technologique mondial offrant des solutions de connectivit\u00e9 haute performance qui g\u00e8rent les flux d'\u00e9nergie et de donn\u00e9es de mani\u00e8re transparente depuis les capteurs et les appareils jusqu'au cloud. Avec plus de 750 employ\u00e9s dans le monde, un centre de R&amp;D du groupe situ\u00e9 en Suisse et soutenu par des hubs r\u00e9gionaux, trois principaux sites de fabrication et un r\u00e9seau de partenaires, deux activit\u00e9s commerciales (Wearin\u2019 et Fischer Connectors), Conextivity Group vise \u00e0 r\u00e9imaginer la connectivit\u00e9, permettant l'\u00e9mergence d'\u00e9cosyst\u00e8mes nouveaux et \u00e9volutifs.<\/p>\n<a class=\"c-btn dark-btn\" href=\"https:\/\/conextivity.com\" target=\"_blank\">Site web du groupe Conextivity<\/a><\/div>            <\/div>\r\n            <div class=\"col-lg-6\">\r\n                <div class=\"image-block\"><img decoding=\"async\" src=\"https:\/\/dev.wearin.tech\/wp-content\/uploads\/2025\/09\/image36.svg\" alt=\"\" \/><\/div>            <\/div>\r\n        <\/div>\r\n    <\/div>\r\n<\/section>\n\n<section class=\"content-3-section\" id=\"\">\r\n    <div class=\"container\">\r\n        <div class=\"row align-items-center\">\r\n            <div class=\"col-lg-6\">\r\n                <div class=\"text-block\"><h2>NOTRE GOUVERNANCE<\/h2><p>En tant qu'entreprise familiale cr\u00e9atrice de valeur, nous accordons une grande importance \u00e0 une bonne gestion d'entreprise dans l'esprit d'une gouvernance d'entreprise responsable. <\/p>\n<a class=\"c-btn dark-btn\" href=\"https:\/\/dev.wearin.tech\/fr\/governance\/\" target=\"_self\">En savoir plus<\/a><\/div>            <\/div>\r\n        <\/div>\r\n    <\/div>\r\n<\/section>","protected":false},"excerpt":{"rendered":"","protected":false},"author":1,"featured_media":0,"parent":0,"menu_order":0,"comment_status":"closed","ping_status":"closed","template":"","meta":{"_acf_changed":false,"inline_featured_image":false,"footnotes":""},"class_list":["post-463","page","type-page","status-publish","hentry"],"acf":[],"_links":{"self":[{"href":"https:\/\/dev.wearin.tech\/fr\/wp-json\/wp\/v2\/pages\/463","targetHints":{"allow":["GET"]}}],"collection":[{"href":"https:\/\/dev.wearin.tech\/fr\/wp-json\/wp\/v2\/pages"}],"about":[{"href":"https:\/\/dev.wearin.tech\/fr\/wp-json\/wp\/v2\/types\/page"}],"author":[{"embeddable":true,"href":"https:\/\/dev.wearin.tech\/fr\/wp-json\/wp\/v2\/users\/1"}],"replies":[{"embeddable":true,"href":"https:\/\/dev.wearin.tech\/fr\/wp-json\/wp\/v2\/comments?post=463"}],"version-history":[{"count":7,"href":"https:\/\/dev.wearin.tech\/fr\/wp-json\/wp\/v2\/pages\/463\/revisions"}],"predecessor-version":[{"id":1870,"href":"https:\/\/dev.wearin.tech\/fr\/wp-json\/wp\/v2\/pages\/463\/revisions\/1870"}],"wp:attachment":[{"href":"https:\/\/dev.wearin.tech\/fr\/wp-json\/wp\/v2\/media?parent=463"}],"curies":[{"name":"wp","href":"https:\/\/api.w.org\/{rel}","templated":true}]}}