{"id":525,"date":"2025-09-02T13:35:47","date_gmt":"2025-09-02T13:35:47","guid":{"rendered":"https:\/\/dev.wearin.tech\/?page_id=525"},"modified":"2025-11-12T15:52:35","modified_gmt":"2025-11-12T15:52:35","slug":"news-listing","status":"publish","type":"page","link":"https:\/\/dev.wearin.tech\/fr\/news-listing\/","title":{"rendered":"News Listing"},"content":{"rendered":"<section class=\"blog-hero-section\" style=\"background-image:url(https:\/\/dev.wearin.tech\/wp-content\/uploads\/2025\/11\/header_static_2560x1440_News-1.webp);\">\r\n    <div class=\"container\">\r\n        <div class=\"row half-height align-items-end\">\r\n            <div class=\"col-12\">\r\n                <div class=\"section-title\">\r\n                    <h1>NOUVELLES ET BLOGS<\/h1>                <\/div>\r\n            <\/div>\r\n        <\/div>\r\n    <\/div>\r\n<\/section>\r\n<section class=\"blog-section\">\r\n    <div class=\"container\">\r\n        <div class=\"row\">\r\n            <div class=\"col-lg-6\">\r\n                <div class=\"search-block\">\r\n                    <form id='wpes-form-542' role=\"search\" method=\"get\" class=\"search-form\" action=\"https:\/\/dev.wearin.tech\/fr\/\" data-trp-original-action=\"https:\/\/dev.wearin.tech\/fr\/\">\n\t\t<label>\n\t\t    <span class=\"screen-reader-text\">Rechercher\u00a0:<\/span>\n\t\t    <input type=\"search\" class=\"search-field\" placeholder=\"Recherche ...\" value=\"\" name=\"s\" \/>\n\t\t<\/label>\n\t\t<input type=\"submit\" class=\"search-submit\" value=\"Recherche\" \/><input type='hidden' value='542' name='wpessid' \/><input type=\"hidden\" name=\"trp-form-language\" value=\"fr\"\/><\/form>                <\/div>\r\n            <\/div>\r\n            <div class=\"col-lg-6\">\r\n                <div class=\"center-filters\">\r\n                    <form action=\"https:\/\/dev.wearin.tech\/wp-admin\/admin-ajax.php\" enctype=\"multipart\/form-data\" method=\"POST\" id=\"mainfilter\">\r\n                        <ul class=\"main-cat-list\"><li><input type=\"radio\" value=\"allofthem\" name=\"taxo\" id=\"rad0\"><label for=\"rad0\">Tous<\/label><\/li><li><input type=\"radio\" value=\"blog\" name=\"taxo\" id=\"rad1\"><label for=\"rad1\">Blog<\/label><\/li><li><input type=\"radio\" value=\"news\" name=\"taxo\" id=\"rad2\"><label for=\"rad2\">Actualit\u00e9s<\/label><\/li><\/ul>                        <button id=\"mainbutton\">Appliquer le filtre<\/button>\r\n                        <input type=\"hidden\" name=\"action\" value=\"mainfilter\">\r\n                    <\/form>\r\n                <\/div>\r\n            <\/div>\r\n        <\/div>\r\n        <div class=\"row\" id=\"results\">\r\n            <div class=\"col-lg-4 spacer news-container news-item\" style=\"display: none;\"><a href=\"https:\/\/dev.wearin.tech\/fr\/gestion-des-catastrophes-la-solution-de-wearin-la-startup-du-groupe-technologique-vaudois-conextivity-au-coeur-du-projet-europeen-synergise\/\"><div class=\"post-box\"><div class=\"post-img\" style=\"background-image: url(https:\/\/dev.wearin.tech\/wp-content\/uploads\/2025\/11\/IMG_9045-sacsa\u2310sa\u00bfsaesai-scaled-1-e1763467150637.webp);\"><\/div><div class=\"post-body\"><span>28 octobre 2025<\/span><h4>Gestion des catastrophes : la solution de Wearin\u2019 au c\u0153ur du projet europ\u00e9en SYNERGISE<\/h4><p>Le projet europ\u00e9en SYNERGISE, auquel participe la startup vaudoise Wearin\u2019 en tant que seule entreprise suisse, entre dans une nouvelle phase \u00e0 Wangen an der Aare (BE) avec son quatri\u00e8me test sur le terrain.<\/p><\/div><\/div><\/a><\/div><div class=\"col-lg-4 spacer news-container news-item\" style=\"display: none;\"><a href=\"https:\/\/dev.wearin.tech\/fr\/the-quiet-revolution-on-the-tracks-how-smart-wearable-tech-is-reshaping-railway-safety\/\"><div class=\"post-box\"><div class=\"post-img\" style=\"background-image: url(https:\/\/dev.wearin.tech\/wp-content\/uploads\/2025\/11\/crane-8400990_-scaled-1-e1762164426970.webp);\"><\/div><div class=\"post-body\"><span>19 juin 2025<\/span><h4>La r\u00e9volution silencieuse sur les rails : comment les technologies portables intelligentes remod\u00e8lent la s\u00e9curit\u00e9 ferroviaire<\/h4><p>Quelque part le long d'une ligne de chemin de fer fran\u00e7aise, Jules Perrot, superviseur de site, consulte sa tablette. Elle \u00e9met une alerte. L'un des membres de son \u00e9quipe, post\u00e9 pr\u00e8s d'un tunnel de maintenance, pr\u00e9sente des signes de fatigue thermique.<\/p><\/div><\/div><\/a><\/div><div class=\"col-lg-4 spacer news-container news-item\" style=\"display: none;\"><a href=\"https:\/\/dev.wearin.tech\/fr\/reduire-les-risques-et-ameliorer-la-securite-au-travail-un-equilibre-entre-defis-industriels-et-technologies-intelligentes\/\"><div class=\"post-box\"><div class=\"post-img\" style=\"background-image: url(https:\/\/dev.wearin.tech\/wp-content\/uploads\/2025\/10\/iStock-12777499621-scaled-1-e1761903439501.png);\"><\/div><div class=\"post-body\"><span>03 juin 2025<\/span><h4>R\u00e9duire les risques et am\u00e9liorer la s\u00e9curit\u00e9 au travail : un \u00e9quilibre entre d\u00e9fis industriels et technologies intelligentes<\/h4><p>La s\u00e9curit\u00e9 des travailleurs est un enjeu majeur en France, o\u00f9 chaque jour, plus de 100 salari\u00e9s sont gravement bless\u00e9s et deux perdent la vie du fait de leur activit\u00e9 professionnelle, selon le minist\u00e8re du travail et de l'emploi.<\/p><\/div><\/div><\/a><\/div><div class=\"col-lg-4 spacer news-container news-item\" style=\"display: none;\"><a href=\"https:\/\/dev.wearin.tech\/fr\/lorem-ipsum-dolor-sit-amet-consectetur-at-neque-gravida-sed-dui-9\/\"><div class=\"post-box\"><div class=\"post-img\" style=\"background-image: url(https:\/\/dev.wearin.tech\/wp-content\/uploads\/2025\/09\/image58.webp);\"><\/div><div class=\"post-body\"><span>08 mai 2025<\/span><h4>La surveillance des gaz en temps r\u00e9el red\u00e9finie : Wearin\u2019 \u00e9largit sa gamme de produits de s\u00e9curit\u00e9 avec Riken Keiki<\/h4><p>Wearin\u2019 continue d'am\u00e9liorer la s\u00e9curit\u00e9 au travail en int\u00e9grant le Riken Keiki GX-3R Pro, le d\u00e9tecteur de gaz 5 le plus petit et le plus l\u00e9ger au monde, dans son \u00e9cosyst\u00e8me IoT et aliment\u00e9 par l'IA.<\/p><\/div><\/div><\/a><\/div><div class=\"col-lg-4 spacer news-container news-item\" style=\"display: none;\"><a href=\"https:\/\/dev.wearin.tech\/fr\/real-time-driver-physiological-data\/\"><div class=\"post-box\"><div class=\"post-img\" style=\"background-image: url(https:\/\/dev.wearin.tech\/wp-content\/uploads\/2025\/09\/wearin_sports_smarpthone-6-scaled-1.webp);\"><\/div><div class=\"post-body\"><span>08 avril 2025<\/span><h4>Donn\u00e9es physiologiques du conducteur en temps r\u00e9el pour am\u00e9liorer les performances et la s\u00e9curit\u00e9 dans les courses d'endurance.<\/h4><p>En f\u00e9vrier 2025, Wearin\u2019 a rejoint la session d'entra\u00eenement IMSA MotorSports \u00e0 Sebring, en Floride, pour tester sa solution IoT avec les meilleurs pilotes d'endurance de l'\u00e9quipe Cadillac Wayne Taylor Racing (WTR).<\/p><\/div><\/div><\/a><\/div><div class=\"col-lg-4 spacer news-container news-item\" style=\"display: none;\"><a href=\"https:\/\/dev.wearin.tech\/fr\/lorem-ipsum-dolor-sit-amet-consectetur-at-neque-gravida-sed-dui-8\/\"><div class=\"post-box\"><div class=\"post-img\" style=\"background-image: url(https:\/\/dev.wearin.tech\/wp-content\/uploads\/2025\/09\/St-Astier-scaled-e1761916053475.webp);\"><\/div><div class=\"post-body\"><span>11 f\u00e9vrier 2025<\/span><h4>Une veste tactique intelligente r\u00e9volutionnaire pour les forces de l'ordre pr\u00e9sent\u00e9e \u00e0 l'exposition IDEX \u00e0 Abu Dhabi<\/h4><p>Wearin\u2019, la startup technologique suisse du groupe Conextivity, pr\u00e9sentera sa veste tactique innovante dot\u00e9e d'une intelligence artificielle, co-d\u00e9velopp\u00e9e avec la Gendarmerie Nationale fran\u00e7aise (DGGN) et test\u00e9e sur le terrain par cette derni\u00e8re.<\/p><\/div><\/div><\/a><\/div><div class=\"col-lg-4 spacer news-container news-item\" style=\"display: none;\"><a href=\"https:\/\/dev.wearin.tech\/fr\/enhanced-safety-wearin-integrates-mirion-technology-for-radiation-monitoring\/\"><div class=\"post-box\"><div class=\"post-img\" style=\"background-image: url(https:\/\/dev.wearin.tech\/wp-content\/uploads\/2025\/11\/beautiful-london-streets-cityscape-scaled-1-e1762162560795.webp);\"><\/div><div class=\"post-body\"><span>06 f\u00e9vrier 2025<\/span><h4>Une s\u00e9curit\u00e9 renforc\u00e9e : Wearin\u2019 int\u00e8gre la technologie Mirion pour la surveillance des radiations<\/h4><p>Wearin\u2019 int\u00e8gre la technologie Mirion qui fournit des donn\u00e9es pr\u00e9cises et en temps r\u00e9el sur la d\u00e9tection et la surveillance des rayonnements, ce qui permet aux \u00e9quipes d'\u00eatre mieux \u00e9quip\u00e9es pour r\u00e9pondre aux menaces potentielles.<\/p><\/div><\/div><\/a><\/div><div class=\"col-lg-4 spacer news-container news-item\" style=\"display: none;\"><a href=\"https:\/\/dev.wearin.tech\/fr\/the-silent-guardian-how-real-time-intelligence-is-transforming-first-responder-safety\/\"><div class=\"post-box\"><div class=\"post-img\" style=\"background-image: url(https:\/\/dev.wearin.tech\/wp-content\/uploads\/2025\/11\/fire-4149480_1280-2-e1762159372890.webp);\"><\/div><div class=\"post-body\"><span>03 d\u00e9cembre 2024<\/span><h4>Le gardien silencieux : comment l'intelligence en temps r\u00e9el transforme la s\u00e9curit\u00e9 des premiers intervenants<\/h4><p>Au petit matin, Nathalie Martin, chef de bataillon d'un service de pompiers bas\u00e9 en Suisse, se tient \u00e0 son poste, les yeux fix\u00e9s sur un tableau de bord qui lui en dit plus que les conversations radio ne pourraient le faire.<\/p><\/div><\/div><\/a><\/div><div class=\"col-lg-4 spacer news-container news-item\" style=\"display: none;\"><a href=\"https:\/\/dev.wearin.tech\/fr\/device-integration-wearin-enhances-mobile-video-intelligence-with-zepcam\/\"><div class=\"post-box\"><div class=\"post-img\" style=\"background-image: url(https:\/\/dev.wearin.tech\/wp-content\/uploads\/2025\/10\/Carousel_editable.jpg);\"><\/div><div class=\"post-body\"><span>24 octobre 2024<\/span><h4>Int\u00e9gration des appareils : Wearin\u2019 am\u00e9liore l'intelligence vid\u00e9o mobile avec ZEPCAM<\/h4><p>La solution Wearin\u2019 inclut d\u00e9sormais la possibilit\u00e9 d'utiliser la technologie avanc\u00e9e de cam\u00e9ra corporelle d\u00e9velopp\u00e9e par ZEPCAM\u2122 pour des s\u00e9quences vid\u00e9o am\u00e9lior\u00e9es en temps r\u00e9el dans des environnements critiques.<\/p><\/div><\/div><\/a><\/div><div class=\"col-lg-4 spacer news-container news-item\" style=\"display: none;\"><a href=\"https:\/\/dev.wearin.tech\/fr\/the-wearin-x-dggn-smart-tactical-vest-passes-the-olympic-field-test\/\"><div class=\"post-box\"><div class=\"post-img\" style=\"background-image: url(https:\/\/dev.wearin.tech\/wp-content\/uploads\/2025\/09\/image53.webp);\"><\/div><div class=\"post-body\"><span>03 octobre 2024<\/span><h4>La veste Wearin\u2019 X DGGN Smart Tactical Vest passe le test olympique sur le terrain<\/h4><p>Les Jeux de Paris 2024 ont offert une sc\u00e8ne mondiale \u00e0 Wearin\u2019 et \u00e0 sa technologie IoT con\u00e7ue pour assurer la s\u00e9curit\u00e9 du personnel sur le terrain dans des environnements critiques.<\/p><\/div><\/div><\/a><\/div><div class=\"col-lg-4 spacer news-container news-item\" style=\"display: none;\"><a href=\"https:\/\/dev.wearin.tech\/fr\/how-can-ai-protect-us\/\"><div class=\"post-box\"><div class=\"post-img\" style=\"background-image: url(https:\/\/dev.wearin.tech\/wp-content\/uploads\/2025\/09\/Alvaro-Goncalves-AI-generated-Swissmem-e1761901559978.webp);\"><\/div><div class=\"post-body\"><span>16 juin 2024<\/span><h4>Comment l'IA peut-elle nous prot\u00e9ger ?<\/h4><p>Alvaro Goncalves, directeur technique de Wearin\u2019, a \u00e9t\u00e9 interview\u00e9 en juin 2024 par Swissmem, la principale association suisse pour les PME et les grandes entreprises de l'industrie des machines, des \u00e9quipements \u00e9lectriques et des m\u00e9taux (MEM) et des secteurs technologiques connexes.<\/p><\/div><\/div><\/a><\/div><div class=\"col-lg-4 spacer news-container news-item\" style=\"display: none;\"><a href=\"https:\/\/dev.wearin.tech\/fr\/swiss-technology-group-conextivity-inaugurates\/\"><div class=\"post-box\"><div class=\"post-img\" style=\"background-image: url(https:\/\/dev.wearin.tech\/wp-content\/uploads\/2025\/09\/Conextivity_Group_Amarante_site_pic1-e1761908950294.webp);\"><\/div><div class=\"post-body\"><span>04 juin 2024<\/span><h4>Le groupe Conextivity inaugure son nouveau site de production et c\u00e9l\u00e8bre son 70e anniversaire au Portugal<\/h4><p>Le groupe Conextivity a officiellement inaugur\u00e9 son nouveau site de production \u00e0 Amarante le 5 juin 2024, marquant ainsi une \u00e9tape importante alors que l'entreprise c\u00e9l\u00e8bre ses 70 ans de succ\u00e8s.<\/p><\/div><\/div><\/a><\/div><div class=\"col-lg-4 spacer news-container news-item\" style=\"display: none;\"><a href=\"https:\/\/dev.wearin.tech\/fr\/police-tactical-vest-iot-and-ai\/\"><div class=\"post-box\"><div class=\"post-img\" style=\"background-image: url(https:\/\/dev.wearin.tech\/wp-content\/uploads\/2025\/09\/DGGN-Vest-3-1-e1761908324887.webp);\"><\/div><div class=\"post-body\"><span>27 f\u00e9vrier 2024<\/span><h4>Gilet tactique de police : L'IoT et l'IA pour am\u00e9liorer la s\u00e9curit\u00e9 des op\u00e9rations<\/h4><p>Le projet innovant de veste tactique connect\u00e9e utilise l'intelligence artificielle (IA) pour son syst\u00e8me de d\u00e9tection des situations anormales et peut transmettre cet avertissement \u00e0 un centre de commandement via l'internet des objets (IoT).<\/p><\/div><\/div><\/a><\/div><div class=\"col-lg-4 spacer news-container news-item\" style=\"display: none;\"><a href=\"https:\/\/dev.wearin.tech\/fr\/lone-workers-ensure-their-safety\/\"><div class=\"post-box\"><div class=\"post-img\" style=\"background-image: url(https:\/\/dev.wearin.tech\/wp-content\/uploads\/2025\/09\/Pro_Beton_Lone_Worker01.webp);\"><\/div><div class=\"post-body\"><span>12 d\u00e9cembre 2023<\/span><h4>Lone workers ensure their safety with our ultra-reliable fall detection and alert solution<\/h4><p>Since 2023, concrete producer PRO BETON&#8217;s lone worker protection equipment has incorporated Wearin&#8217;s solution, which alerts the control center in the event of an accident and detects falls.<\/p><\/div><\/div><\/a><\/div><div class=\"col-lg-4 spacer news-container news-item\" style=\"display: none;\"><a href=\"https:\/\/dev.wearin.tech\/fr\/news-collaboration-with-sos-cash-value\/\"><div class=\"post-box\"><div class=\"post-img\" style=\"background-image: url(https:\/\/dev.wearin.tech\/wp-content\/uploads\/2025\/09\/Synergise_pic1_iStock-1422277506-scaled-1-e1762178223109.webp);\"><\/div><div class=\"post-body\"><span>14 novembre 2023<\/span><h4>Wearin\u2019 s'associe \u00e0 SYNERGISE pour am\u00e9liorer la gestion des catastrophes<\/h4><p>Wearin\u2019 est un partenaire associ\u00e9 du projet collaboratif SYNERGISE, financ\u00e9 au niveau international, qui vise \u00e0 d\u00e9velopper, de septembre 2023 \u00e0 f\u00e9vrier 2027, une bo\u00eete \u00e0 outils int\u00e9gr\u00e9e pour une meilleure gestion des catastrophes naturelles et d'origine humaine.<\/p><\/div><\/div><\/a><\/div><div class=\"col-lg-4 spacer news-container news-item\" style=\"display: none;\"><a href=\"https:\/\/dev.wearin.tech\/fr\/sos-cash-values-security-guard\/\"><div class=\"post-box\"><div class=\"post-img\" style=\"background-image: url(https:\/\/dev.wearin.tech\/wp-content\/uploads\/2025\/09\/Connected_vest_Wearin_SOS-CashValue_01-scaled-1-e1761904619764.webp);\"><\/div><div class=\"post-body\"><span>22 novembre 2022<\/span><h4>Les agents de s\u00e9curit\u00e9 de SOS Cash &amp; Value renforcent la s\u00e9curit\u00e9 de leur mission<\/h4><p>Depuis le d\u00e9but du mois d'octobre 2022, tous les agents de la soci\u00e9t\u00e9 de s\u00e9curit\u00e9 SOS Cash &amp; Value sont \u00e9quip\u00e9s du gilet intelligent de Wearin\u2019.<\/p><\/div><\/div><\/a><\/div>            <div class=\"col-12\">\r\n                <div class=\"button-block\">\r\n                    <button class=\"c-btn light-btn\" id=\"loadNews\">En savoir plus<\/button>\r\n                <\/div>\r\n            <\/div>\r\n        <\/div>\r\n    <\/div>\r\n<\/section>","protected":false},"excerpt":{"rendered":"","protected":false},"author":1,"featured_media":0,"parent":0,"menu_order":0,"comment_status":"closed","ping_status":"closed","template":"","meta":{"_acf_changed":false,"inline_featured_image":false,"footnotes":""},"class_list":["post-525","page","type-page","status-publish","hentry"],"acf":[],"_links":{"self":[{"href":"https:\/\/dev.wearin.tech\/fr\/wp-json\/wp\/v2\/pages\/525","targetHints":{"allow":["GET"]}}],"collection":[{"href":"https:\/\/dev.wearin.tech\/fr\/wp-json\/wp\/v2\/pages"}],"about":[{"href":"https:\/\/dev.wearin.tech\/fr\/wp-json\/wp\/v2\/types\/page"}],"author":[{"embeddable":true,"href":"https:\/\/dev.wearin.tech\/fr\/wp-json\/wp\/v2\/users\/1"}],"replies":[{"embeddable":true,"href":"https:\/\/dev.wearin.tech\/fr\/wp-json\/wp\/v2\/comments?post=525"}],"version-history":[{"count":4,"href":"https:\/\/dev.wearin.tech\/fr\/wp-json\/wp\/v2\/pages\/525\/revisions"}],"predecessor-version":[{"id":1893,"href":"https:\/\/dev.wearin.tech\/fr\/wp-json\/wp\/v2\/pages\/525\/revisions\/1893"}],"wp:attachment":[{"href":"https:\/\/dev.wearin.tech\/fr\/wp-json\/wp\/v2\/media?parent=525"}],"curies":[{"name":"wp","href":"https:\/\/api.w.org\/{rel}","templated":true}]}}