{"id":766,"date":"2025-10-21T16:13:22","date_gmt":"2025-10-21T16:13:22","guid":{"rendered":"https:\/\/dev.wearin.tech\/?page_id=766"},"modified":"2025-11-13T10:02:54","modified_gmt":"2025-11-13T10:02:54","slug":"faq","status":"publish","type":"page","link":"https:\/\/dev.wearin.tech\/fr\/faq\/","title":{"rendered":"FAQ"},"content":{"rendered":"<section class=\"page-hero2-section\" style=\"background-image: url(https:\/\/dev.wearin.tech\/wp-content\/uploads\/2025\/10\/img_solution_privacy.jpg);\">\r\n        <div class=\"container\">\r\n        <div class=\"row align-items-end half-height\">\r\n            <div class=\"col-lg-10\">\r\n                <div class=\"section-title\"><h1><blue>PROTECTING<\/blue> LES PERSONNES ET LEUR VIE PRIV\u00c9E<\/h1><\/div>            <\/div>\r\n        <\/div>\r\n    <\/div>\r\n<\/section>\n\n<section class=\"faq-section\" id=\"\">\r\n    <div class=\"container\">\r\n        <div class=\"row justify-content-center\">\r\n            <div class=\"col-lg-5\">\r\n                <div class=\"section-title\">\r\n                    <h2>Data protection and data privacy has been integrated by design in our ecosystem.<\/h2><p> We guarantee the security of the entire flow of the data within our platform, from the collection from our sensors to the final storage in our servers. Data is encrypted end-to-end.<\/p>\n<p>We strictly follow and adhere to security industry standards like SOC1,2,3 and ISO27K for risk-management, communication,monitoring,access to data, system operations, and change management.The integrity and privacy of any personal data complies with the General Data Protection Regulation, GDPR.<\/p>\n<p>Our platform is fully redundant and provides a high availability of our services with an uptime of 99.98% worldwide.We also provide a multi-region data and service availability to ensure a full disaster recovery to cover the worst scenarios.<\/p>\n                <\/div>\r\n            <\/div>\r\n            <div class=\"col-lg-7\">\r\n                <div class=\"accords\"><div class=\"accord-card\"><button class=\"card-btn\">Comment mes donn\u00e9es sont-elles s\u00e9curis\u00e9es ?<\/button><div class=\"card-box\"><p>La protection des donn\u00e9es et de la vie priv\u00e9e fait partie int\u00e9grante de notre \u00e9cosyst\u00e8me. Nous garantissons la s\u00e9curit\u00e9 de l'ensemble du cycle de vie des donn\u00e9es au sein de notre plateforme, depuis le moment o\u00f9 elles sont collect\u00e9es par nos capteurs jusqu'\u00e0 leur stockage final sur nos serveurs. Toutes les donn\u00e9es sont crypt\u00e9es de bout en bout.<\/p><\/div><\/div><div class=\"accord-card\"><button class=\"card-btn\">How is personal data managed by the platform?<\/button><div class=\"card-box\"><p>Nous respectons strictement les principales normes de s\u00e9curit\u00e9 du secteur, notamment SOC 1, 2 et 3, ainsi que la s\u00e9rie ISO 27000, qui couvre la gestion des risques, la communication, la surveillance, l'acc\u00e8s aux donn\u00e9es, l'exploitation des syst\u00e8mes et la gestion des changements. L'int\u00e9grit\u00e9 et la confidentialit\u00e9 des donn\u00e9es personnelles sont enti\u00e8rement conformes au r\u00e8glement g\u00e9n\u00e9ral sur la protection des donn\u00e9es (RGPD).<\/p><\/div><\/div><div class=\"accord-card\"><button class=\"card-btn\">Your solutions are designed for high-risk environments, could you be required to collaborate with military or security actors abroad and how do you ensure that your technologies are not misused or used for unethical purposes?<\/button><div class=\"card-box\"><p>The defence sector is not a strategic priority at the moment. Our efforts are mainly focused on civilian sectors with high safety and reliability requirements (industry, emergency services, civil security, energy, etc.). All the algorithms developed by Wearin&#8217; are proprietary, immutable and entirely designed in-house, thus guaranteeing complete traceability and the impossibility of modification or unauthorized use by third parties. In the event of future collaboration with military or security actors, we are committed to strictly applying the policies, controls and recommendations of SECO (State Secretariat for Economic Affairs, seco.admin.ch), including exporting, ethical use and regulatory compliance of technologies. This approach preserves the principles of accountability and transparency that guide our business.<\/p><\/div><\/div><div class=\"accord-card\"><button class=\"card-btn\">In a context where cyberattacks are on the rise, how do you prevent hacking or remote manipulation of your connected devices, especially in critical situations? <\/button><div class=\"card-box\"><p>The Wearin&#8217; platform has been built to the highest standards in cybersecurity, strictly applying industry best practices. In particular, we follow a reference framework  that allows us to audit potential vulnerabilities internally and to remedy them quickly in a logic of continuous improvement.\r\nOur services run on the infrastructure of a cloud partner certified to the main international security standards: SOC 1, SOC 2, SOC 3, ISO 27001, ISO 27017, ISO 27018, as well as the C5 (European Sovereign Cloud in Germany) and FedRAMP (USA) frameworks.\r\nThese devices provide multi-layered protection against hacking, remote manipulation and any attempt at unauthorized access, even in critical situations. The security and resilience of our systems are at the heart of our design and maintenance approach. <\/p><\/div><\/div><div class=\"accord-card\"><button class=\"card-btn\">How reliable are your solutions in extreme conditions: network loss, signal failure, severe weather conditions, altitude, etc.?<\/button><div class=\"card-box\"><p>Our solutions have been specifically designed to ensure maximum reliability in extreme environments, even in the event of network loss, harsh weather conditions or operations at altitude. The platform is fully redundant and engineered for high availability, delivering a global uptime of 99.98%. We offer multi-region data and service availability to ensure robust disaster recovery capabilities \u2014 even in the most extreme scenarios.The Wearin&#8217; central module has a local storage capacity to keep and secure critical data in the event of a connectivity outage or interruption. This data is automatically synchronized with the central platform as soon as the connection is restored, ensuring lossless information continuity. In addition, the system is based on a multi-modal communication architecture, capable of dynamically adapting connectivity according to the availability of the networks. It supports 4G, 5G, 5G Private Network, Radio Mesh, Wi-Fi protocols, as well as non-terrestrial networks (NTN) such as Starlink or EchoStar, via the integration of an external dongle. This hybrid approach ensures complete redundancy of communication channels, increased resilience to extreme conditions, and continuous operational readiness, even in remote or degraded areas.<\/p><\/div><\/div><\/div>            <\/div>\r\n        <\/div>\r\n    <\/div>\r\n<\/section>","protected":false},"excerpt":{"rendered":"","protected":false},"author":1,"featured_media":0,"parent":0,"menu_order":0,"comment_status":"closed","ping_status":"closed","template":"","meta":{"_acf_changed":false,"inline_featured_image":false,"footnotes":""},"class_list":["post-766","page","type-page","status-publish","hentry"],"acf":[],"_links":{"self":[{"href":"https:\/\/dev.wearin.tech\/fr\/wp-json\/wp\/v2\/pages\/766","targetHints":{"allow":["GET"]}}],"collection":[{"href":"https:\/\/dev.wearin.tech\/fr\/wp-json\/wp\/v2\/pages"}],"about":[{"href":"https:\/\/dev.wearin.tech\/fr\/wp-json\/wp\/v2\/types\/page"}],"author":[{"embeddable":true,"href":"https:\/\/dev.wearin.tech\/fr\/wp-json\/wp\/v2\/users\/1"}],"replies":[{"embeddable":true,"href":"https:\/\/dev.wearin.tech\/fr\/wp-json\/wp\/v2\/comments?post=766"}],"version-history":[{"count":9,"href":"https:\/\/dev.wearin.tech\/fr\/wp-json\/wp\/v2\/pages\/766\/revisions"}],"predecessor-version":[{"id":1892,"href":"https:\/\/dev.wearin.tech\/fr\/wp-json\/wp\/v2\/pages\/766\/revisions\/1892"}],"wp:attachment":[{"href":"https:\/\/dev.wearin.tech\/fr\/wp-json\/wp\/v2\/media?parent=766"}],"curies":[{"name":"wp","href":"https:\/\/api.w.org\/{rel}","templated":true}]}}