{"id":769,"date":"2025-10-21T16:20:08","date_gmt":"2025-10-21T16:20:08","guid":{"rendered":"https:\/\/dev.wearin.tech\/?page_id=769"},"modified":"2025-11-17T16:58:49","modified_gmt":"2025-11-17T16:58:49","slug":"synergise","status":"publish","type":"page","link":"https:\/\/dev.wearin.tech\/fr\/synergise\/","title":{"rendered":"Synergise"},"content":{"rendered":"<section class=\"page-hero2-section\" style=\"background-image: url(https:\/\/dev.wearin.tech\/wp-content\/uploads\/2025\/11\/header_static_2560x1440_SYNERGISE.webp);\">\r\n        <div class=\"container\">\r\n        <div class=\"row align-items-end half-height\">\r\n            <div class=\"col-lg-10\">\r\n                <div class=\"section-title\"><h6>Projet SYNERGISE<\/h6><h1>UNE MISSION MONDIALE POUR <blue>UNE R\u00c9PONSE PLUS S\u00dbRE AUX CATASTROPHES<\/blue><\/h1><p>Wearin\u2019 est un partenaire associ\u00e9 au projet SYNERGISE, une initiative novatrice r\u00e9unissant 18 partenaires d'Europe, du Japon, de Cor\u00e9e du Sud et des \u00c9tats-Unis. Se d\u00e9roulant de septembre 2023 \u00e0 f\u00e9vrier 2027, SYNERGISE vise \u00e0 d\u00e9velopper une bo\u00eete \u00e0 outils int\u00e9gr\u00e9e pour une meilleure gestion des catastrophes, en am\u00e9liorant la collaboration et la connaissance de la situation pour les premiers intervenants.<\/p><\/div>            <\/div>\r\n        <\/div>\r\n    <\/div>\r\n<\/section>\n\n<section class=\"solutions-section white-bg\" id=\"\">\r\n    <div class=\"container\">\r\n        <div class=\"row justify-content-center\">\r\n            <div class=\"col-lg-10\">\r\n                <div class=\"section-title\">\r\n                                    <\/div>\r\n            <\/div>\r\n        <\/div>\r\n        <div class=\"row c2\">\r\n            <div class=\"col-lg-6 spacer\"><div class=\"box\"><h4>Technologie portable intelligente<\/h4><p>Notre solution int\u00e8gre la localisation en temps r\u00e9el, la surveillance des signes vitaux et des capteurs environnementaux, fournissant aux premiers intervenants des donn\u00e9es cruciales sur le terrain.<\/p>\n<\/div><\/div><div class=\"col-lg-6 spacer\"><div class=\"box\"><h4>Une meilleure connaissance de la situation<\/h4><p>Gr\u00e2ce \u00e0 des analyses bas\u00e9es sur l'IA, notre plateforme traite les donn\u00e9es physiologiques et environnementales critiques, fournissant aux responsables de mission des informations exploitables.<\/p>\n<\/div><\/div><div class=\"col-lg-6 spacer\"><div class=\"box\"><h4>Test\u00e9 dans des sc\u00e9narios r\u00e9els<\/h4><p>Lors du premier test sur le terrain des composants de SYNERGISE (CFT1) \u00e0 Ath\u00e8nes, 13 premiers intervenants ont utilis\u00e9 le syst\u00e8me Wearin dans des sc\u00e9narios de catastrophe simul\u00e9s, ce qui a permis d'affiner et de valider notre technologie pour des missions dans le monde r\u00e9el.<\/p>\n<\/div><\/div><div class=\"col-lg-6 spacer\"><div class=\"box\"><h4>Optimis\u00e9 pour les environnements \u00e0 haut risque<\/h4><p>Notre solution soutient les \u00e9quipes qui naviguent dans des conditions extr\u00eames en offrant des alertes rapides sur l'\u00e9tat de sant\u00e9, l'exposition \u00e0 des substances dangereuses et le suivi de la localisation en temps r\u00e9el.<\/p>\n<\/div><\/div>        <\/div>\r\n    <\/div>\r\n<\/section>\n\n<section class=\"how-section\" id=\"\">\r\n    <div class=\"container\">\r\n        <div class=\"row align-items-center\">\r\n            <div class=\"col-lg-6 order-lg-2\">\r\n                <div class=\"section-title\"><\/div><div class=\"image-block\"><\/div>            <\/div>\r\n            <div class=\"col-lg-6 order-lg-1\">\r\n                <div class=\"box\"><div class=\"icon\" style=\"background-image:url(https:\/\/dev.wearin.tech\/wp-content\/uploads\/2025\/09\/icon41.svg);\"><\/div><div class=\"text\"><h4>Int\u00e9gration<\/h4><p>Les premiers intervenants de toute l'Europe \u00e9quip\u00e9s de la solution Wearin\u2019, parfaitement int\u00e9gr\u00e9e aux technologies de pointe lors de la phase de test de la CFT1.<\/p>\n<\/div><\/div><div class=\"box\"><div class=\"icon\" style=\"background-image:url(https:\/\/dev.wearin.tech\/wp-content\/uploads\/2025\/10\/Asset-19@2x-1009-e1763394756864.png);\"><\/div><div class=\"text\"><h4>G\u00e9olocalisation<\/h4><p>G\u00e9olocalisation en temps r\u00e9el \u00e0 l'ext\u00e9rieur et \u00e0 l'int\u00e9rieur pour une meilleure coordination<\/p>\n<\/div><\/div><div class=\"box\"><div class=\"icon\" style=\"background-image:url(https:\/\/dev.wearin.tech\/wp-content\/uploads\/2025\/10\/Asset-1@2x-1009.png);\"><\/div><div class=\"text\"><h4>Aper\u00e7us sur l'IA<\/h4><p>Des informations pilot\u00e9es par l'IA pour optimiser les strat\u00e9gies de r\u00e9ponse<\/p>\n<\/div><\/div><div class=\"box\"><div class=\"icon\" style=\"background-image:url(https:\/\/dev.wearin.tech\/wp-content\/uploads\/2025\/10\/Asset-1@2x-1009-1.png);\"><\/div><div class=\"text\"><h4>Fiabilit\u00e9<\/h4><p>Une technologie \u00e9prouv\u00e9e dans des environnements difficiles et hostiles<\/p>\n<\/div><\/div>            <\/div>\r\n        <\/div>\r\n    <\/div>\r\n<\/section>\n\n<section class=\"content-single-section\">\r\n    <div class=\"container\">\r\n        <div class=\"row\">\r\n            <div class=\"col-lg-10\">\r\n                <div class=\"video-block\"><div class=\"video-holder\"><iframe loading=\"lazy\" title=\"Un entretien avec Steve Gadsdon - SYNERGISE CFT3 | Su\u00e8de, juin 2025\" width=\"640\" height=\"360\" src=\"https:\/\/www.youtube.com\/embed\/ivh4MduBqUk?feature=oembed\" frameborder=\"0\" allow=\"accelerometer; autoplay; clipboard-write; encrypted-media; gyroscope; picture-in-picture; web-share\" referrerpolicy=\"strict-origin-when-cross-origin\" allowfullscreen><\/iframe><\/div><\/div>            <\/div>\r\n        <\/div>\r\n    <\/div>\r\n<\/section>\n\n<section class=\"events-section\" id=\"\">\r\n    <div class=\"container\">\r\n        <div class=\"row\">\r\n            <div class=\"col-lg-12\">\r\n                <div class=\"section-title\"><h2>NOUVELLES<\/h2><\/div>            <\/div>\r\n        <\/div>\r\n        <div class=\"row\">\r\n            <div class=\"col-lg-4 spacer\"><div class=\"event-box\"><a href=\"https:\/\/www.synergise-project.eu\/events\/the-synergise-project-brings-technology-testing-to-warsaw-for-second-component-field-test-3\/\" target=\"_blank\"><div class=\"event-img\" style=\"background-image: url(https:\/\/dev.wearin.tech\/wp-content\/uploads\/2025\/11\/IMG_8997-scaled-e1761080109920.webp);\"><\/div><\/a><div class=\"event-body\"><h4>CFT3<\/h4><ul><li>Juin 2025<\/li><li>Su\u00e8de<\/li><\/ul><p>SYNERGISE r\u00e9alise le Component Field Test 3 en Su\u00e8de<\/p><a class=\"c-btn light-btn\" href=\"https:\/\/www.synergise-project.eu\/events\/the-synergise-project-brings-technology-testing-to-warsaw-for-second-component-field-test-3\/\" target=\"_blank\">En savoir plus<\/a><\/div><\/div><\/div><div class=\"col-lg-4 spacer\"><div class=\"event-box\"><a href=\"https:\/\/www.synergise-project.eu\/events\/the-synergise-project-brings-technology-testing-to-warsaw-for-second-component-field-test\/\" target=\"_blank\"><div class=\"event-img\" style=\"background-image: url(https:\/\/dev.wearin.tech\/wp-content\/uploads\/2025\/10\/Blau-Weis-Raster-Traumreisen-Foto-Collage.webp);\"><\/div><\/a><div class=\"event-body\"><h4>CFT2<\/h4><ul><li>Avril 2025<\/li><li>Varsovie<\/li><\/ul><p>Le projet SYNERGISE permet de tester des technologies \u00e0 Varsovie pour le deuxi\u00e8me essai sur le terrain d'un composant.<\/p><a class=\"c-btn light-btn\" href=\"https:\/\/www.synergise-project.eu\/events\/the-synergise-project-brings-technology-testing-to-warsaw-for-second-component-field-test\/\" target=\"_blank\">Ramez plus<\/a><\/div><\/div><\/div><div class=\"col-lg-4 spacer\"><div class=\"event-box\"><a href=\"https:\/\/www.synergise-project.eu\/events\/the-synergise-project-held-its-first-component-field-test\/\" target=\"_blank\"><div class=\"event-img\" style=\"background-image: url(https:\/\/dev.wearin.tech\/wp-content\/uploads\/2025\/10\/Synergise-Component-Field-Test-CFT1-18-scaled-1-300x200-1.webp);\"><\/div><\/a><div class=\"event-body\"><h4>CFT1<\/h4><ul><li>novembre 2024<\/li><li>Gr\u00e8ce<\/li><\/ul><p>Le projet SYNERGISE a organis\u00e9 son premier test de composants sur le terrain.<\/p><a class=\"c-btn light-btn\" href=\"https:\/\/www.synergise-project.eu\/events\/the-synergise-project-held-its-first-component-field-test\/\" target=\"_blank\">En savoir plus<\/a><\/div><\/div><\/div>        <\/div>\r\n    <\/div>\r\n<\/section>\n\n<section class=\"content-single-section\">\r\n    <div class=\"container\">\r\n        <div class=\"row\">\r\n            <div class=\"col-lg-10\">\r\n                <div class=\"text-block\"><h1 style=\"text-align: center;\">Prot\u00e9ger ceux qui nous prot\u00e8gent<\/h1>\n<p style=\"text-align: center;\">Les premiers intervenants op\u00e8rent dans des situations impr\u00e9visibles et \u00e0 haut risque. En int\u00e9grant des wearables dot\u00e9s d'IA aux solutions innovantes de gestion des catastrophes de SYNERGISE, Wearin\u2019 s'assure que les \u00e9quipes de secours disposent des outils dont elles ont besoin pour agir plus rapidement, plus intelligemment et de mani\u00e8re plus s\u00fbre.<\/p>\n<p style=\"text-align: center;\"><a href=\"https:\/\/dev.wearin.tech\/fr\/firefighters\/\">Solution pour les premiers intervenants<\/a><\/p>\n<p>&nbsp;<\/p>\n<h1 style=\"text-align: center;\">Consortium<\/h1>\n<p style=\"text-align: center;\">Les membres du consortium SYNERGISE ont \u00e9t\u00e9 soigneusement s\u00e9lectionn\u00e9s pour couvrir tous les domaines de recherche et de d\u00e9veloppement requis par le projet de mani\u00e8re \u00e9quilibr\u00e9e, en utilisant leur expertise et leurs collaborations ant\u00e9rieures pour r\u00e9pondre avec succ\u00e8s aux objectifs du projet. La structure du partenariat est bas\u00e9e sur l'excellence, la compl\u00e9mentarit\u00e9, la transnationalit\u00e9 et la multidisciplinarit\u00e9.<\/p>\n<p style=\"text-align: center;\">Le consortium SYNERGISE comprend 18 partenaires d'Europe, du Japon, de la R\u00e9publique de Cor\u00e9e et des \u00c9tats-Unis d'Am\u00e9rique.<\/p>\n<\/div><div class=\"logos-block\"><div class=\"images-box\"><img decoding=\"async\" src=\"https:\/\/dev.wearin.tech\/wp-content\/uploads\/2025\/10\/Artic-1024x628-1.webp\" alt=\"\" \/><\/div><div class=\"images-box\"><img decoding=\"async\" src=\"https:\/\/dev.wearin.tech\/wp-content\/uploads\/2025\/10\/Astrial-1024x628-1.webp\" alt=\"\" \/><\/div><div class=\"images-box\"><img decoding=\"async\" src=\"https:\/\/dev.wearin.tech\/wp-content\/uploads\/2025\/10\/Etri-1024x628-1.webp\" alt=\"\" \/><\/div><div class=\"images-box\"><img decoding=\"async\" src=\"https:\/\/dev.wearin.tech\/wp-content\/uploads\/2025\/10\/Gezamenlijke-Brandweer-copy-scaled.webp\" alt=\"\" \/><\/div><div class=\"images-box\"><img decoding=\"async\" src=\"https:\/\/dev.wearin.tech\/wp-content\/uploads\/2025\/10\/Hellenic-Rescue-Team-of-Attica-copy-scaled.webp\" alt=\"\" \/><\/div><div class=\"images-box\"><img decoding=\"async\" src=\"https:\/\/dev.wearin.tech\/wp-content\/uploads\/2025\/10\/Tohoku-University-copy-scaled.webp\" alt=\"\" \/><\/div><div class=\"images-box\"><img decoding=\"async\" src=\"https:\/\/dev.wearin.tech\/wp-content\/uploads\/2025\/10\/NTNU-1024x628-1.webp\" alt=\"\" \/><\/div><div class=\"images-box\"><img decoding=\"async\" src=\"https:\/\/dev.wearin.tech\/wp-content\/uploads\/2025\/10\/Plus-1024x628-1.webp\" alt=\"\" \/><\/div><div class=\"images-box\"><img decoding=\"async\" src=\"https:\/\/dev.wearin.tech\/wp-content\/uploads\/2025\/10\/R2-1-1024x628-1.webp\" alt=\"\" \/><\/div><div class=\"images-box\"><img decoding=\"async\" src=\"https:\/\/dev.wearin.tech\/wp-content\/uploads\/2025\/10\/Scientific-and-Research-Centre-for-Fire-Protection-copy-scaled.webp\" alt=\"\" \/><\/div><div class=\"images-box\"><img decoding=\"async\" src=\"https:\/\/dev.wearin.tech\/wp-content\/uploads\/2025\/10\/Sysnav-copy-scaled.webp\" alt=\"\" \/><\/div><div class=\"images-box\"><img decoding=\"async\" src=\"https:\/\/dev.wearin.tech\/wp-content\/uploads\/2025\/10\/Robotic-Systems-Lab-at-ETH-Zurich-copy-scaled.webp\" alt=\"\" \/><\/div><div class=\"images-box\"><img decoding=\"async\" src=\"https:\/\/dev.wearin.tech\/wp-content\/uploads\/2025\/10\/The-Sodertorn-Fire-Brigade-Association-1024x628-1.webp\" alt=\"\" \/><\/div><div class=\"images-box\"><img decoding=\"async\" src=\"https:\/\/dev.wearin.tech\/wp-content\/uploads\/2025\/10\/THW-1024x628-1.webp\" alt=\"\" \/><\/div><div class=\"images-box\"><img decoding=\"async\" src=\"https:\/\/dev.wearin.tech\/wp-content\/uploads\/2025\/10\/TNO-copy-scaled.webp\" alt=\"\" \/><\/div><div class=\"images-box\"><img decoding=\"async\" src=\"https:\/\/dev.wearin.tech\/wp-content\/uploads\/2025\/10\/Virnetec-1024x628-1.webp\" alt=\"\" \/><\/div><div class=\"images-box\"><img decoding=\"async\" src=\"https:\/\/dev.wearin.tech\/wp-content\/uploads\/2025\/10\/Wearin-1024x628-1.webp\" alt=\"\" \/><\/div><\/div>            <\/div>\r\n        <\/div>\r\n    <\/div>\r\n<\/section>\n\n<section class=\"content-1-section\" id=\"\">\r\n    <div class=\"container\">\r\n        <div class=\"row align-items-center\">\r\n            <div class=\"col-lg-6\">\r\n                <div class=\"text-block\"><h2>Perspectives d'avenir<\/h2><p>Le projet SYNERGISE se poursuit jusqu'en f\u00e9vrier 2027, avec des tests continus, la validation et le d\u00e9ploiement dans le monde r\u00e9el de solutions d'intervention avanc\u00e9es. Wearin\u2019 reste \u00e0 l'avant-garde de cette mission, travaillant aux c\u00f4t\u00e9s de partenaires mondiaux pour fa\u00e7onner l'avenir de la s\u00e9curit\u00e9 des premiers intervenants.<\/p>\n<p>Restez au courant de nos progr\u00e8s et de nos innovations. D\u00e9couvrez comment SYNERGISE innove en mati\u00e8re d'intervention d'urgence.<\/p>\n<p>Le projet SYNERGISE est financ\u00e9 conjointement par le programme-cadre de recherche et d'innovation Horizon Europe de l'Union europ\u00e9enne, le Secr\u00e9tariat d'\u00c9tat \u00e0 la formation, \u00e0 la recherche et \u00e0 l'innovation de la Suisse et d'autres partenaires internationaux.<\/p>\n<a class=\"c-btn light-btn\" href=\"https:\/\/www.synergise-project.eu\/\" target=\"_blank\">\u00c0 propos du projet Synergise<\/a><\/div>            <\/div>\r\n            <div class=\"col-lg-6\">\r\n                <div class=\"image-block\"><img decoding=\"async\" src=\"https:\/\/dev.wearin.tech\/wp-content\/uploads\/2025\/11\/pngwing.com_-279x300-1.png\" alt=\"\" \/><\/div>            <\/div>\r\n        <\/div>\r\n    <\/div>\r\n<\/section>","protected":false},"excerpt":{"rendered":"","protected":false},"author":1,"featured_media":0,"parent":0,"menu_order":0,"comment_status":"closed","ping_status":"closed","template":"","meta":{"_acf_changed":false,"inline_featured_image":false,"footnotes":""},"class_list":["post-769","page","type-page","status-publish","hentry"],"acf":[],"_links":{"self":[{"href":"https:\/\/dev.wearin.tech\/fr\/wp-json\/wp\/v2\/pages\/769","targetHints":{"allow":["GET"]}}],"collection":[{"href":"https:\/\/dev.wearin.tech\/fr\/wp-json\/wp\/v2\/pages"}],"about":[{"href":"https:\/\/dev.wearin.tech\/fr\/wp-json\/wp\/v2\/types\/page"}],"author":[{"embeddable":true,"href":"https:\/\/dev.wearin.tech\/fr\/wp-json\/wp\/v2\/users\/1"}],"replies":[{"embeddable":true,"href":"https:\/\/dev.wearin.tech\/fr\/wp-json\/wp\/v2\/comments?post=769"}],"version-history":[{"count":45,"href":"https:\/\/dev.wearin.tech\/fr\/wp-json\/wp\/v2\/pages\/769\/revisions"}],"predecessor-version":[{"id":2192,"href":"https:\/\/dev.wearin.tech\/fr\/wp-json\/wp\/v2\/pages\/769\/revisions\/2192"}],"wp:attachment":[{"href":"https:\/\/dev.wearin.tech\/fr\/wp-json\/wp\/v2\/media?parent=769"}],"curies":[{"name":"wp","href":"https:\/\/api.w.org\/{rel}","templated":true}]}}