{"id":803,"date":"2025-10-21T16:43:29","date_gmt":"2025-10-21T16:43:29","guid":{"rendered":"https:\/\/dev.wearin.tech\/?page_id=803"},"modified":"2025-11-27T10:48:13","modified_gmt":"2025-11-27T10:48:13","slug":"foresight","status":"publish","type":"page","link":"https:\/\/dev.wearin.tech\/fr\/foresight\/","title":{"rendered":"ForeSight"},"content":{"rendered":"<section class=\"page-hero2-section\" style=\"background-image: url(https:\/\/dev.wearin.tech\/wp-content\/uploads\/2025\/11\/header_static_2560x1440_FORESIGHT.webp);\">\r\n        <div class=\"container\">\r\n        <div class=\"row align-items-end half-height\">\r\n            <div class=\"col-lg-10\">\r\n                <div class=\"section-title\"><h6>Projet FORESIGHT<\/h6><h1>TRANSFORMING EMERGENCY RESPONSE WITH <blue>TAILORED TECHNOLOGIES<\/blue><\/h1><p>Wearin\u2019 est un partenaire associ\u00e9 du projet ForeSight, une initiative du programme Horizon Europe (101168521) visant \u00e0 am\u00e9liorer la gestion des risques de catastrophe gr\u00e2ce \u00e0 des solutions innovantes pour la navigation et la logistique du dernier kilom\u00e8tre. Cet effort de collaboration, dirig\u00e9 par l'Agence f\u00e9d\u00e9rale allemande pour les secours techniques (THW), r\u00e9unit des organisations de premier plan de Bulgarie, de Chypre, d'Allemagne, de Gr\u00e8ce, d'Italie, des Pays-Bas, de Suisse et de Turquie afin d'am\u00e9liorer les capacit\u00e9s de r\u00e9action aux situations d'urgence dans toute l'Europe.<\/p><\/div>            <\/div>\r\n        <\/div>\r\n    <\/div>\r\n<\/section>\n\n<section class=\"content-single-section\">\r\n    <div class=\"container\">\r\n        <div class=\"row\">\r\n            <div class=\"col-lg-10\">\r\n                <div class=\"text-block\"><h1 style=\"text-align: center;\">Relever les d\u00e9fis pos\u00e9s par les catastrophes modernes<\/h1>\n<p>Avec le changement climatique et l'expansion urbaine qui intensifient les risques de catastrophes urbaines et d'incendies de for\u00eat, les premiers intervenants sont confront\u00e9s \u00e0 des difficult\u00e9s croissantes pour naviguer dans des environnements \u00e0 faible visibilit\u00e9. Le projet ForeSight d\u00e9veloppe des outils de pointe \u00e9conomiques pour am\u00e9liorer les capacit\u00e9s d'intervention en am\u00e9liorant la visibilit\u00e9 \u00e0 travers la fum\u00e9e, le feu et la poussi\u00e8re, en renfor\u00e7ant la connaissance de la situation et en optimisant la logistique du dernier kilom\u00e8tre dans les zones sinistr\u00e9es.<\/p>\n<p>The project is pioneering the development of a groundbreaking Long Wave InfraRed (LWIR) LiDAR using Quantum Cascade Lasers (QCL) to enable imaging in low-visibility conditions while mitigating interference from fire radiation.<\/p>\n<p>Other advancements include:<\/p>\n<ul>\n<li>Imagerie Flash LiDAR dans le spectre visible pour l'acquisition rapide de donn\u00e9es 3D ;<\/li>\n<li>LiDAR coh\u00e9rent SWIR avec boucle optique \u00e0 verrouillage de phase (OPLL) pour des performances et une fiabilit\u00e9 accrues ;<\/li>\n<li>Fusion avanc\u00e9e de donn\u00e9es LiDAR pour am\u00e9liorer la navigation et l'extraction de caract\u00e9ristiques ;<\/li>\n<li>Illuminateurs et capteurs d'imagerie LWIR \u00e0 laser haute puissance pour p\u00e9n\u00e9trer les obstacles tels que la fum\u00e9e, le brouillard et la poussi\u00e8re ;<\/li>\n<li>Balises MWIR ultra-haute puissance avec lasers \u00e0 cascade quantique (QCL) pour une localisation pr\u00e9cise de l'\u00e9quipe et un partage de l'\u00e9tat de la situation ;<\/li>\n<li>Int\u00e9gration des technologies ForeSight dans les \u00e9quipements et les v\u00e9hicules des intervenants pour un soutien op\u00e9rationnel en temps r\u00e9el.<\/li>\n<\/ul>\n<p>&nbsp;<\/p>\n<\/div><div class=\"video-block\"><div class=\"video-holder\"><video width=\"320\" height=\"240\" controls playsinline><source src=\"https:\/\/dev.wearin.tech\/wp-content\/uploads\/2025\/11\/Project-Foresight.mp4\" type=\"video\/mp4\">Votre navigateur ne prend pas en charge la balise vid\u00e9o.<\/video><\/div><\/div>            <\/div>\r\n        <\/div>\r\n    <\/div>\r\n<\/section>\n\n<section class=\"events-section\" id=\"\">\r\n    <div class=\"container\">\r\n        <div class=\"row\">\r\n            <div class=\"col-lg-12\">\r\n                <div class=\"section-title\"><h2>NOUVELLES<\/h2><\/div>            <\/div>\r\n        <\/div>\r\n        <div class=\"row\">\r\n            <div class=\"col-lg-4 spacer\"><div class=\"event-box\"><a href=\"https:\/\/foresight-project.eu\/project-foresight-kick-off-meeting-launches-new-era-in-disaster-response-and-last-kilometer-logistics\/\" target=\"_blank\"><div class=\"event-img\" style=\"background-image: url(https:\/\/dev.wearin.tech\/wp-content\/uploads\/2025\/11\/press2.jpg);\"><\/div><\/a><div class=\"event-body\"><h4>Project ForeSight kick-off meeting<\/h4><ul><li>octobre 2024<\/li><\/ul><p>La r\u00e9union de lancement du projet ForeSight ouvre une nouvelle \u00e8re dans la r\u00e9ponse aux catastrophes et la logistique du dernier kilom\u00e8tre<\/p><a class=\"c-btn light-btn\" href=\"https:\/\/foresight-project.eu\/project-foresight-kick-off-meeting-launches-new-era-in-disaster-response-and-last-kilometer-logistics\/\" target=\"_blank\">En savoir plus<\/a><\/div><\/div><\/div><div class=\"col-lg-4 spacer\"><div class=\"event-box\"><a href=\"https:\/\/foresight-project.eu\/launch-of-project-foresight-improving-last-kilometer-navigation-transportation-in-challenging-environments\/\" target=\"_blank\"><div class=\"event-img\" style=\"background-image: url(https:\/\/dev.wearin.tech\/wp-content\/uploads\/2025\/10\/foresight_4.webp);\"><\/div><\/a><div class=\"event-body\"><h4>Launch of Project ForeSight<\/h4><ul><li>octobre 2024<\/li><\/ul><p>Improving last-kilometer navigation &#038; transportation in challenging environments<\/p><a class=\"c-btn light-btn\" href=\"https:\/\/foresight-project.eu\/launch-of-project-foresight-improving-last-kilometer-navigation-transportation-in-challenging-environments\/\" target=\"_blank\">En savoir plus<\/a><\/div><\/div><\/div><div class=\"col-lg-4 spacer\"><div class=\"event-box\"><a href=\"https:\/\/foresight-project.eu\/new-horizon-europe-project-launch-project-foresight\/\" target=\"_blank\"><div class=\"event-img\" style=\"background-image: url(https:\/\/dev.wearin.tech\/wp-content\/uploads\/2025\/11\/foresight_3.jpg);\"><\/div><\/a><div class=\"event-body\"><h4>About Project ForeSight<\/h4><ul><li>octobre 2024<\/li><\/ul><p>New Horizon Europe project launch: Project ForeSight<\/p><a class=\"c-btn light-btn\" href=\"https:\/\/foresight-project.eu\/new-horizon-europe-project-launch-project-foresight\/\" target=\"_blank\">En savoir plus<\/a><\/div><\/div><\/div>        <\/div>\r\n    <\/div>\r\n<\/section>\n\n<section class=\"content-single-section\">\r\n    <div class=\"container\">\r\n        <div class=\"row\">\r\n            <div class=\"col-lg-10\">\r\n                <div class=\"text-block\"><h1 style=\"text-align: center;\">Consortium<\/h1>\n<p style=\"text-align: center;\">Le consortium du projet ForeSight est compos\u00e9 de membres s\u00e9lectionn\u00e9s qui couvrent collectivement tous les domaines essentiels de la recherche et du d\u00e9veloppement.<\/p>\n<p style=\"text-align: center;\">Coordonn\u00e9 par l'Agence f\u00e9d\u00e9rale allemande pour l'assistance technique (THW), ce projet novateur r\u00e9unit des organisations de premier plan de toute l'Europe, avec des partenaires de Bulgarie, de Chypre, d'Allemagne, de Gr\u00e8ce, d'Italie, des Pays-Bas, de Suisse et de Turquie.<\/p>\n<p>&nbsp;<\/p>\n<p>&nbsp;<\/p>\n<\/div><div class=\"logos-block\"><div class=\"images-box\"><img decoding=\"async\" src=\"https:\/\/dev.wearin.tech\/wp-content\/uploads\/2025\/10\/Wearin-1-1024x628-1.webp\" alt=\"\" \/><\/div><div class=\"images-box\"><img decoding=\"async\" src=\"https:\/\/dev.wearin.tech\/wp-content\/uploads\/2025\/10\/ASTRIAL-GmbH-1024x628-1.webp\" alt=\"\" \/><\/div><div class=\"images-box\"><img decoding=\"async\" src=\"https:\/\/dev.wearin.tech\/wp-content\/uploads\/2025\/10\/THW-1-1024x628-1.webp\" alt=\"\" \/><\/div><div class=\"images-box\"><img decoding=\"async\" src=\"https:\/\/dev.wearin.tech\/wp-content\/uploads\/2025\/10\/AAHD-scaled.webp\" alt=\"\" \/><\/div><div class=\"images-box\"><img decoding=\"async\" src=\"https:\/\/dev.wearin.tech\/wp-content\/uploads\/2025\/10\/Alpes-scaled.webp\" alt=\"\" \/><\/div><div class=\"images-box\"><img decoding=\"async\" src=\"https:\/\/dev.wearin.tech\/wp-content\/uploads\/2025\/10\/altus.jpg-copy-scaled.webp\" alt=\"\" \/><\/div><div class=\"images-box\"><img decoding=\"async\" src=\"https:\/\/dev.wearin.tech\/wp-content\/uploads\/2025\/10\/ETH-Zurich-copy-scaled.webp\" alt=\"\" \/><\/div><div class=\"images-box\"><img decoding=\"async\" src=\"https:\/\/dev.wearin.tech\/wp-content\/uploads\/2025\/10\/cnr_logo.jpg-copy-scaled.webp\" alt=\"\" \/><\/div><div class=\"images-box\"><img decoding=\"async\" src=\"https:\/\/dev.wearin.tech\/wp-content\/uploads\/2025\/10\/CSEM-copy-scaled.webp\" alt=\"\" \/><\/div><div class=\"images-box\"><img decoding=\"async\" src=\"https:\/\/dev.wearin.tech\/wp-content\/uploads\/2025\/10\/dipa_logo.jpg-copy-scaled.webp\" alt=\"\" \/><\/div><div class=\"images-box\"><img decoding=\"async\" src=\"https:\/\/dev.wearin.tech\/wp-content\/uploads\/2025\/10\/Gezamenlijke-Brandweer-copy-scaled.webp\" alt=\"\" \/><\/div><div class=\"images-box\"><img decoding=\"async\" src=\"https:\/\/dev.wearin.tech\/wp-content\/uploads\/2025\/10\/Insait-copy-scaled.webp\" alt=\"\" \/><\/div><div class=\"images-box\"><img decoding=\"async\" src=\"https:\/\/dev.wearin.tech\/wp-content\/uploads\/2025\/10\/Poa-scaled.webp\" alt=\"\" \/><\/div><div class=\"images-box\"><img decoding=\"async\" src=\"https:\/\/dev.wearin.tech\/wp-content\/uploads\/2025\/10\/Untitled-2-copy-scaled.webp\" alt=\"\" \/><\/div><\/div>            <\/div>\r\n        <\/div>\r\n    <\/div>\r\n<\/section>\n\n<section class=\"content-1-section\" id=\"\">\r\n    <div class=\"container\">\r\n        <div class=\"row align-items-center\">\r\n            <div class=\"col-lg-6\">\r\n                <div class=\"text-block\"><h2>Perspectives d'avenir<\/h2><p>Pour atteindre ses objectifs ambitieux et relever les d\u00e9fis qui ont conduit \u00e0 sa cr\u00e9ation, ForeSight a d\u00e9fini une s\u00e9rie d'objectifs strat\u00e9giques, technologiques, scientifiques, politiques et soci\u00e9taux. La mission centrale est d'am\u00e9liorer la r\u00e9silience de l'UE et de r\u00e9duire la vuln\u00e9rabilit\u00e9 de la soci\u00e9t\u00e9 face aux incendies urbains et de for\u00eat en fournissant des outils et des services sur mesure, valid\u00e9s de mani\u00e8re approfondie par les intervenants, afin de soutenir la formation et d'encourager l'acceptation.<\/p>\n<p>Le projet ForeSight est financ\u00e9 conjointement par le programme de recherche et d'innovation Horizon Europe de l'Union europ\u00e9enne (GA No. 101168521) et par le Secr\u00e9tariat d'\u00c9tat \u00e0 l'\u00e9ducation, \u00e0 la recherche et \u00e0 l'innovation de la Suisse.<\/p>\n<a class=\"c-btn light-btn\" href=\"https:\/\/foresight-project.eu\/\" target=\"_blank\">About Project ForeSight<\/a><\/div>            <\/div>\r\n            <div class=\"col-lg-6\">\r\n                <div class=\"image-block\"><img decoding=\"async\" src=\"https:\/\/dev.wearin.tech\/wp-content\/uploads\/2025\/11\/pngwing.com_-279x300-1.png\" alt=\"\" \/><\/div>            <\/div>\r\n        <\/div>\r\n    <\/div>\r\n<\/section>","protected":false},"excerpt":{"rendered":"","protected":false},"author":1,"featured_media":0,"parent":0,"menu_order":0,"comment_status":"closed","ping_status":"closed","template":"","meta":{"_acf_changed":false,"inline_featured_image":false,"footnotes":""},"class_list":["post-803","page","type-page","status-publish","hentry"],"acf":[],"_links":{"self":[{"href":"https:\/\/dev.wearin.tech\/fr\/wp-json\/wp\/v2\/pages\/803","targetHints":{"allow":["GET"]}}],"collection":[{"href":"https:\/\/dev.wearin.tech\/fr\/wp-json\/wp\/v2\/pages"}],"about":[{"href":"https:\/\/dev.wearin.tech\/fr\/wp-json\/wp\/v2\/types\/page"}],"author":[{"embeddable":true,"href":"https:\/\/dev.wearin.tech\/fr\/wp-json\/wp\/v2\/users\/1"}],"replies":[{"embeddable":true,"href":"https:\/\/dev.wearin.tech\/fr\/wp-json\/wp\/v2\/comments?post=803"}],"version-history":[{"count":62,"href":"https:\/\/dev.wearin.tech\/fr\/wp-json\/wp\/v2\/pages\/803\/revisions"}],"predecessor-version":[{"id":2245,"href":"https:\/\/dev.wearin.tech\/fr\/wp-json\/wp\/v2\/pages\/803\/revisions\/2245"}],"wp:attachment":[{"href":"https:\/\/dev.wearin.tech\/fr\/wp-json\/wp\/v2\/media?parent=803"}],"curies":[{"name":"wp","href":"https:\/\/api.w.org\/{rel}","templated":true}]}}