{"id":9,"date":"2025-08-18T18:20:45","date_gmt":"2025-08-18T18:20:45","guid":{"rendered":"https:\/\/dev.wearin.tech\/?page_id=9"},"modified":"2025-12-02T16:17:43","modified_gmt":"2025-12-02T16:17:43","slug":"home","status":"publish","type":"page","link":"https:\/\/dev.wearin.tech\/fr\/","title":{"rendered":"Accueil"},"content":{"rendered":"<section class=\"home-hero-section\" style=\"background-image: url();\">\r\n    <div class=\"video-container\"><video width=\"320\" height=\"240\" muted autoplay loop playsinline><source src=\"https:\/\/dev.wearin.tech\/wp-content\/uploads\/2025\/09\/wearinintro.mp4\" type=\"video\/mp4\">Votre navigateur ne prend pas en charge la balise vid\u00e9o.<\/video><\/div>    <div class=\"container\">\r\n        <div class=\"row align-items-end full-height\">\r\n            <div class=\"col-12\">\r\n                <div class=\"section-title\"><h6>PROT\u00c9GER CEUX QUI NOUS PROTEGENT<\/h6><h1>CHAQUE <blue>D\u00c9CISION<\/blue> EST INFORM\u00c9E<br>CHAQUE <blue>R\u00c9PONSE<\/blue> EST COORDONN\u00c9E<\/h1><p>Notre plateforme aliment\u00e9e par les donn\u00e9es int\u00e8gre des capteurs portables avanc\u00e9s et configurables pour fournir des informations environnementales, situationnelles et physiologiques instantan\u00e9es - permettant aux \u00e9quipes de tous les secteurs de prendre des d\u00e9cisions plus rapides et plus intelligentes, adapt\u00e9es \u00e0 leurs d\u00e9fis uniques.<\/p><a class=\"c-btn light-btn\" href=\"https:\/\/dev.wearin.tech\/fr\/lets-connect\/\" target=\"_blank\">Connectons-nous<\/a><\/div>            <\/div>\r\n        <\/div>\r\n    <\/div>\r\n<\/section>\n\n<section class=\"industry-section\" id=\"\">\r\n    <div class=\"container\">\r\n        <div class=\"row\">\r\n            <div class=\"col-12\">\r\n                <div class=\"section-title\">\r\n                    <h2>PERSONNALIS\u00c9 POUR VOTRE SECTEUR D'ACTIVIT\u00c9<\/h2>                <\/div>\r\n            <\/div>\r\n        <\/div>\r\n        <div class=\"row\">\r\n            <div class=\"col-12\">\r\n                <div class=\"industries-block\">\r\n                    <div class=\"box\"><a href=\"https:\/\/dev.wearin.tech\/fr\/law-enforcement\/\" target=\"_blank\">Forces de l'ordre<\/a><\/div><div class=\"box\"><a href=\"https:\/\/dev.wearin.tech\/fr\/firefighters\/\" target=\"_blank\">Pompiers<\/a><\/div><div class=\"box\"><a href=\"https:\/\/dev.wearin.tech\/fr\/workers-safety\/\" target=\"_self\">S\u00e9curit\u00e9 des travailleurs<\/a><\/div><div class=\"box\"><a href=\"https:\/\/dev.wearin.tech\/fr\/first-responders\/\" target=\"_blank\">Premiers intervenants<\/a><\/div>                <\/div>\r\n            <\/div>\r\n        <\/div>\r\n    <\/div>\r\n<\/section>\n\n<section class=\"video-section\" id=\"\">\r\n    <div class=\"container\">\r\n        <div class=\"row justify-content-center\">\r\n            <div class=\"col-lg-10\">\r\n                <div class=\"section-title\"><h2>LA TECHNOLOGIE DE L'HOMME CONNECT\u00c9 POUR PROT\u00c9GER LES VIES HUMAINES<\/h2><p>Wearin' vise \u00e0 connecter et \u00e0 prot\u00e9ger les personnes dans des situations \u00e0 haut risque gr\u00e2ce \u00e0 des solutions IoT intelligentes qui rendent les missions plus s\u00fbres et plus intelligentes.<\/p>\n<\/div>            <\/div>\r\n        <\/div>\r\n        <div class=\"row justify-content-center\">\r\n            <div class=\"col-lg-10\">\r\n                <div class=\"video-block\"><div class=\"video-holder\"><iframe loading=\"lazy\" title=\"Wearin&amp;#039 ; - \u00c0 propos de nous\" width=\"640\" height=\"360\" src=\"https:\/\/www.youtube.com\/embed\/MkX2m8FcfMo?feature=oembed\" frameborder=\"0\" allow=\"accelerometer; autoplay; clipboard-write; encrypted-media; gyroscope; picture-in-picture; web-share\" referrerpolicy=\"strict-origin-when-cross-origin\" allowfullscreen><\/iframe><\/div><\/div>            <\/div>\r\n        <\/div>\r\n    <\/div>\r\n<\/section>\n\n<section class=\"feat-slider-section\" id=\"\">\r\n    <div class=\"container\">\r\n        <div class=\"row justify-content-center\">\r\n            <div class=\"col-lg-10\">\r\n                <div class=\"section-title\">\r\n                    <h2>RESPONSABILISER CEUX QUI NOUS PROT\u00c8GENT<\/h2><a class=\"c-btn light-btn\" href=\"https:\/\/dev.wearin.tech\/fr\/law-enforcement\/\" target=\"_blank\">D\u00e9couvrez nos solutions<\/a>                <\/div>\r\n            <\/div>\r\n        <\/div>\r\n        <div class=\"row align-items-center\">\r\n            <div class=\"col-lg-5\">\r\n                <ul class=\"nav custom-tabs\" id=\"featsTab\" role=\"tablist\"><li class=\"nav-item\" role=\"presentation\"><button class=\"nav-link active\" id=\"featsy-tab1\" data-bs-toggle=\"tab\" data-bs-target=\"#featsy1\" type=\"button\" role=\"tab\" aria-controls=\"featsy1\" aria-selected=\"true\"><span class=\"head\" style=\"background-image:url(https:\/\/dev.wearin.tech\/wp-content\/uploads\/2025\/08\/icon01.svg);\"><h5>Une connaissance limit\u00e9e de la situation peut entra\u00eener des retards de r\u00e9action<\/h5><\/span><p>Dans un environnement o\u00f9 les enjeux sont importants, il est crucial de disposer d'informations en temps r\u00e9el. Une connaissance optimale de la situation permet aux \u00e9quipes de r\u00e9agir rapidement, de saisir les opportunit\u00e9s et de minimiser les risques.<\/p><\/button><\/li><li class=\"nav-item\" role=\"presentation\"><button class=\"nav-link\" id=\"featsy-tab2\" data-bs-toggle=\"tab\" data-bs-target=\"#featsy2\" type=\"button\" role=\"tab\" aria-controls=\"featsy2\" aria-selected=\"false\"><span class=\"head\" style=\"background-image:url(https:\/\/dev.wearin.tech\/wp-content\/uploads\/2025\/08\/icon02.svg);\"><h5>Manque de communication entre les \u00e9quipes et les d\u00e9cideurs<\/h5><\/span><p>Une communication sans faille est essentielle pour les professionnels qui travaillent dans des environnements \u00e0 haut risque. Des syst\u00e8mes fragment\u00e9s peuvent entra\u00eener des retards dans les r\u00e9ponses, des malentendus et des occasions manqu\u00e9es, mettant ainsi en p\u00e9ril la s\u00e9curit\u00e9 et l'efficacit\u00e9 op\u00e9rationnelle.<\/p><\/button><\/li><li class=\"nav-item\" role=\"presentation\"><button class=\"nav-link\" id=\"featsy-tab3\" data-bs-toggle=\"tab\" data-bs-target=\"#featsy3\" type=\"button\" role=\"tab\" aria-controls=\"featsy3\" aria-selected=\"false\"><span class=\"head\" style=\"background-image:url(https:\/\/dev.wearin.tech\/wp-content\/uploads\/2025\/08\/icon03.svg);\"><h5>Les environnements \u00e0 haut risque exigent une surveillance de la s\u00e9curit\u00e9 en temps r\u00e9el<\/h5><\/span><p>Les risques peuvent s'aggraver en quelques secondes. La surveillance continue en temps r\u00e9el - int\u00e9grant les donn\u00e9es physiologiques, environnementales et situationnelles - permet aux organisations de d\u00e9tecter les menaces d\u00e8s leur apparition, d'\u00e9mettre des alertes imm\u00e9diates et de prendre des mesures rapides pour prot\u00e9ger chaque membre de l'\u00e9quipe.<\/p><\/button><\/li><li class=\"nav-item\" role=\"presentation\"><button class=\"nav-link\" id=\"featsy-tab4\" data-bs-toggle=\"tab\" data-bs-target=\"#featsy4\" type=\"button\" role=\"tab\" aria-controls=\"featsy4\" aria-selected=\"false\"><span class=\"head\" style=\"background-image:url(https:\/\/dev.wearin.tech\/wp-content\/uploads\/2025\/08\/icon04.svg);\"><h5>Des op\u00e9rations inefficaces entra\u00eenent des risques accrus<\/h5><\/span><p>Des flux de travail d\u00e9connect\u00e9s, des processus manuels et un acc\u00e8s tardif aux informations critiques peuvent entra\u00eener des temps de r\u00e9ponse plus lents, une mauvaise affectation des ressources et des erreurs co\u00fbteuses.<\/p><\/button><\/li><\/ul>            <\/div>\r\n            <div class=\"col-lg-7\">\r\n                <div class=\"tab-content\" id=\"featsTabContent\"><div class=\"tab-pane fade show active\" id=\"featsy1\" role=\"tabpanel\" aria-labelledby=\"featsy-tab1\"><div class=\"image\" style=\"background-image:url(https:\/\/dev.wearin.tech\/wp-content\/uploads\/2025\/09\/image01.gif);\"><\/div><\/div><div class=\"tab-pane fade\" id=\"featsy2\" role=\"tabpanel\" aria-labelledby=\"featsy-tab2\"><div class=\"image\" style=\"background-image:url(https:\/\/dev.wearin.tech\/wp-content\/uploads\/2025\/09\/image02.webp);\"><\/div><\/div><div class=\"tab-pane fade\" id=\"featsy3\" role=\"tabpanel\" aria-labelledby=\"featsy-tab3\"><div class=\"image\" style=\"background-image:url(https:\/\/dev.wearin.tech\/wp-content\/uploads\/2025\/09\/image03.webp);\"><\/div><\/div><div class=\"tab-pane fade\" id=\"featsy4\" role=\"tabpanel\" aria-labelledby=\"featsy-tab4\"><div class=\"image\" style=\"background-image:url(https:\/\/dev.wearin.tech\/wp-content\/uploads\/2025\/09\/image02.webp);\"><\/div><\/div><\/div>            <\/div>\r\n        <\/div>\r\n    <\/div>\r\n<\/section>\n\n<section class=\"feats-section\" id=\"\">\r\n    <div class=\"container\">\r\n        <div class=\"row\">\r\n            <div class=\"col-12\">\r\n                <div class=\"section-title\">\r\n                    <h2>CONNECT\u00c9. <blue>PROT\u00c9G\u00c9.<\/blue> PR\u00c9PAR\u00c9.<\/h2>                <\/div>\r\n            <\/div>\r\n        <\/div>\r\n        <div class=\"row\">\r\n            <div class=\"col-lg-6 spacer\"><div class=\"box\"><div class=\"image\" style=\"background-image:url(https:\/\/dev.wearin.tech\/wp-content\/uploads\/2025\/09\/image4.webp);\"><\/div><h4>S\u00e9curit\u00e9 renforc\u00e9e<\/h4><p>Wearin' int\u00e8gre de mani\u00e8re transparente les donn\u00e9es situationnelles, environnementales et physiologiques du personnel sur le terrain dans un \u00e9cosyst\u00e8me unifi\u00e9, fournissant au personnel de commandement des informations exploitables en temps r\u00e9el.<\/p>\n<\/div><\/div><div class=\"col-lg-6 spacer\"><div class=\"box\"><div class=\"image\" style=\"background-image:url(https:\/\/dev.wearin.tech\/wp-content\/uploads\/2025\/08\/image05.webp);\"><\/div><h4>Connectivit\u00e9 rationalis\u00e9e des \u00e9quipes<\/h4><p>La plateforme Wearin' permet une coordination transparente entre les \u00e9quipes de terrain et les op\u00e9rations centrales. Sa connectivit\u00e9 en temps r\u00e9el garantit que les membres de l'\u00e9quipe restent align\u00e9s les uns sur les autres et sur les d\u00e9cideurs, ce qui permet des r\u00e9ponses rapides et coordonn\u00e9es dans des environnements dynamiques.<\/p>\n<\/div><\/div><div class=\"col-lg-6 spacer\"><div class=\"box\"><div class=\"image\" style=\"background-image:url(https:\/\/dev.wearin.tech\/wp-content\/uploads\/2025\/08\/image06.webp);\"><\/div><h4>Efficacit\u00e9 op\u00e9rationnelle<\/h4><p>Les journaux d'intervention horodat\u00e9s et les activit\u00e9s agr\u00e9g\u00e9es des travailleurs vous aident \u00e0 \u00e9quilibrer la charge de travail, \u00e0 justifier la taille de l'\u00e9quipe et \u00e0 planifier les op\u00e9rations avec clart\u00e9. Comprenez quand et o\u00f9 vos \u00e9quipes sont le plus n\u00e9cessaires - et \u00e9tayez vos d\u00e9cisions par des donn\u00e9es r\u00e9elles sur le terrain.<\/p>\n<\/div><\/div><div class=\"col-lg-6 spacer\"><div class=\"box\"><div class=\"image\" style=\"background-image:url(https:\/\/dev.wearin.tech\/wp-content\/uploads\/2025\/09\/image7.webp);\"><\/div><h4>Une technologie qui s'adapte<\/h4><p>La plateforme ouverte de Wearin s'int\u00e8gre de mani\u00e8re transparente \u00e0 vos syst\u00e8mes existants - radios, cam\u00e9ras, capteurs et outils de reporting. Construisez votre propre \u00e9cosyst\u00e8me et centralisez toutes les donn\u00e9es op\u00e9rationnelles sous un m\u00eame toit pour une meilleure coordination, efficacit\u00e9 et \u00e9volutivit\u00e9 \u00e0 long terme.<\/p>\n<\/div><\/div>        <\/div>\r\n    <\/div>\r\n<\/section>\n\n<section class=\"work-slider-section\" id=\"\">\r\n    <div class=\"container\">\r\n        <div class=\"row\">\r\n            <div class=\"col-12\">\r\n                <div class=\"section-title\">\r\n                    <h2>CON\u00c7U POUR CEUX QUI TRAVAILLENT DANS LES ENVIRONNEMENTS LES PLUS DIFFICILES<\/h2>                <\/div>\r\n            <\/div>\r\n        <\/div>\r\n        <div class=\"row\">\r\n            <div class=\"col-12\">\r\n                <div class=\"work-slider\"><div><div class=\"slide\" style=\"background-image:url(https:\/\/dev.wearin.tech\/wp-content\/uploads\/2025\/08\/image08.webp);\"><h4>Forces de l'ordre<\/h4><p>La bonne information au bon moment.<\/p>\n<\/div><\/div><div><div class=\"slide\" style=\"background-image:url(https:\/\/dev.wearin.tech\/wp-content\/uploads\/2025\/08\/image09.webp);\"><h4>Pompiers<\/h4><p>Quand chaque seconde compte.<\/p>\n<\/div><\/div><div><div class=\"slide\" style=\"background-image:url(https:\/\/dev.wearin.tech\/wp-content\/uploads\/2025\/11\/SNCF-Reseau-team_120324-11-scaled-e1745399048310.webp);\"><h4>S\u00e9curit\u00e9 des travailleurs<\/h4><p>Am\u00e9lioration de la productivit\u00e9 et de la s\u00e9curit\u00e9 des missions.<\/p>\n<\/div><\/div><div><div class=\"slide\" style=\"background-image:url(https:\/\/dev.wearin.tech\/wp-content\/uploads\/2025\/10\/Synergise_pic1_iStock-1422277506-scaled.webp);\"><h4>Premiers intervenants<\/h4><p>Quand chaque seconde compte.<\/p>\n<\/div><\/div><\/div>            <\/div>\r\n        <\/div>\r\n    <\/div>\r\n<\/section>\n\n<section class=\"how-section\" id=\"\">\r\n    <div class=\"container\">\r\n        <div class=\"row align-items-center\">\r\n            <div class=\"col-lg-6 order-lg-2\">\r\n                <div class=\"section-title\"><h2>COMMENT \u00c7A MARCHE<\/h2><a class=\"c-btn light-btn\" href=\"https:\/\/dev.wearin.tech\/fr\/get-a-demo\/\" target=\"_blank\">Obtenir une d\u00e9monstration<\/a><\/div><div class=\"image-block\"><img decoding=\"async\" src=\"https:\/\/dev.wearin.tech\/wp-content\/uploads\/2025\/08\/image18.webp\" alt=\"\" \/><\/div>            <\/div>\r\n            <div class=\"col-lg-6 order-lg-1\">\r\n                <div class=\"box\"><div class=\"icon\" style=\"background-image:url(https:\/\/dev.wearin.tech\/wp-content\/uploads\/2025\/08\/icon05.svg);\"><\/div><div class=\"text\"><h4>S\u00e9curit\u00e9 renforc\u00e9e<\/h4><p>La plateforme modulaire de Wearin connecte des capteurs situationnels, environnementaux et\/ou physiologiques pour fournir des informations en temps r\u00e9el et surveiller le personnel sur le terrain.<\/p>\n<\/div><\/div><div class=\"box\"><div class=\"icon\" style=\"background-image:url(https:\/\/dev.wearin.tech\/wp-content\/uploads\/2025\/08\/icon06.svg);\"><\/div><div class=\"text\"><h4>Informations et alertes en temps r\u00e9el aliment\u00e9es par l'IA<\/h4><p>Les algorithmes de Wearin utilisent l'apprentissage automatique pour d\u00e9tecter les dangers imm\u00e9diats et pr\u00e9venir les risques potentiels gr\u00e2ce \u00e0 des alertes g\u00e9n\u00e9r\u00e9es automatiquement et des actions pr\u00e9dictives.<\/p>\n<\/div><\/div><div class=\"box\"><div class=\"icon\" style=\"background-image:url(https:\/\/dev.wearin.tech\/wp-content\/uploads\/2025\/08\/icon07.svg);\"><\/div><div class=\"text\"><h4>Des d\u00e9cisions fond\u00e9es sur des donn\u00e9es pour une efficacit\u00e9 accrue<\/h4><p>Nous allons au-del\u00e0 des syst\u00e8mes traditionnels cloisonn\u00e9s en fournissant des renseignements en temps r\u00e9el et des analyses pr\u00e9dictives au personnel de commandement. L'acquisition continue de donn\u00e9es \u00e0 partir de capteurs connect\u00e9s permet la d\u00e9tection pr\u00e9coce des menaces aigu\u00ebs et la mod\u00e9lisation des risques sanitaires et op\u00e9rationnels \u00e0 long terme.<\/p>\n<\/div><\/div>            <\/div>\r\n        <\/div>\r\n    <\/div>\r\n<\/section>\n\n<section class=\"testimonials-section\" id=\"\">\r\n    <div class=\"container\">\r\n        <div class=\"row justify-content-center\">\r\n            <div class=\"col-lg-8\">\r\n                <div class=\"outer\">\r\n                    <div class=\"section-title\">\r\n                        <h2>T\u00c9MOIGNAGES<\/h2>                    <\/div>\r\n                <\/div>\r\n            <\/div>\r\n        <\/div>\r\n        <div class=\"row justify-content-center\">\r\n            <div class=\"col-lg-9\">\r\n                <div class=\"testi-slider\"><div><div class=\"slide\"><p>Cette technologie innovante permet de mieux anticiper et r\u00e9agir aux situations critiques, renfor\u00e7ant ainsi l'efficacit\u00e9 op\u00e9rationnelle des unit\u00e9s.<\/p><div class=\"avatar\" style=\"background-image:url(https:\/\/dev.wearin.tech\/wp-content\/uploads\/2025\/11\/Fabrice-Blanc_headshot-2.jpeg);\"><\/div><h5>Lieutenant-colonel Fabrice Blanc<\/h5><span>Gendarmerie Nationale Directeur du programme d'innovation<\/span><\/div><\/div><div><div class=\"slide\"><p>Notre projet vise \u00e0 am\u00e9liorer la s\u00e9curit\u00e9 des intervenants op\u00e9rant dans des environnements int\u00e9rieurs afin de g\u00e9rer et d'anticiper les risques.<\/p><div class=\"avatar\" style=\"background-image:url(https:\/\/dev.wearin.tech\/wp-content\/uploads\/2025\/09\/partner10.webp);\"><\/div><h5>Commandant St\u00e9phane Vincent<\/h5><span>Service d'incendie de Monaco<\/span><\/div><\/div><div><div class=\"slide\"><p>Cet \u00e9quipement personnel r\u00e9volutionne le monde de la s\u00e9curit\u00e9 priv\u00e9e. <\/p><div class=\"avatar\" style=\"background-image:url(https:\/\/dev.wearin.tech\/wp-content\/uploads\/2025\/09\/Pierre-Yves_Glassey_CEO_SOS_CashValue-crop-scaled-1-e1761904346224.webp);\"><\/div><h5>Pierre-Yves Glassey<\/h5><span>PDG de SOS Cash &amp; Value<\/span><\/div><\/div><div><div class=\"slide\"><p>La fiabilit\u00e9 de la solution fait la diff\u00e9rence pour s\u00e9curiser le temps de travail des personnes isol\u00e9es et r\u00e9pondre aux besoins de confort et de s\u00e9curit\u00e9 de nos employ\u00e9s. <\/p><div class=\"avatar\" style=\"background-image:url(https:\/\/dev.wearin.tech\/wp-content\/uploads\/2025\/09\/Pro_Beton_Eric_Guillot-1.jpg);\"><\/div><h5>\u00c9ric Guillot<\/h5><span>Directeur de PRO BETON<\/span><\/div><\/div><\/div>            <\/div>\r\n        <\/div>\r\n    <\/div>\r\n<\/section>\n\n<section class=\"events-section\" id=\"\">\r\n    <div class=\"container\">\r\n        <div class=\"row\">\r\n            <div class=\"col-lg-12\">\r\n                <div class=\"section-title\"><h2>\u00c9V\u00c9NEMENTS<\/h2><\/div>            <\/div>\r\n        <\/div>\r\n        <div class=\"row\">\r\n            <div class=\"col-lg-4 spacer\"><div class=\"event-box\"><a href=\"https:\/\/app.imagina.com\/secpol\/\" target=\"_blank\"><div class=\"event-img\" style=\"background-image: url(https:\/\/dev.wearin.tech\/wp-content\/uploads\/2025\/09\/image52.webp);\"><\/div><\/a><div class=\"event-body\"><h4>SECPOL<\/h4><ul><li>5 d\u00e9cembre<\/li><li>Lausanne, Suisse<\/li><\/ul><p>Le premier salon en Suisse d\u00e9di\u00e9 aux professionnels et aux institutions de la s\u00e9curit\u00e9 publique.<\/p><a class=\"c-btn light-btn\" href=\"https:\/\/dev.wearin.tech\/fr\/book-a-meeting-2\/\" target=\"_blank\">R\u00e9server une r\u00e9union<\/a><\/div><\/div><\/div><div class=\"col-lg-4 spacer\"><div class=\"event-box\"><a href=\"https:\/\/www.interschutz.de\/en\/\" target=\"_blank\"><div class=\"event-img\" style=\"background-image: url(https:\/\/dev.wearin.tech\/wp-content\/uploads\/2025\/11\/shutterstock_1815999527-scaled.jpg);\"><\/div><\/a><div class=\"event-body\"><h4>INTERSCHUTZ<\/h4><ul><li>Du 1er au 6 juin<\/li><li>Hanovre, Allemagne<\/li><\/ul><p>Le principal salon professionnel des services d'incendie et de secours, de la protection civile, de la s\u00e9curit\u00e9 et de la s\u00fbret\u00e9.<\/p><a class=\"c-btn light-btn\" href=\"https:\/\/dev.wearin.tech\/fr\/book-a-meeting-interschutz\/\" target=\"_self\">R\u00e9server une r\u00e9union<\/a><\/div><\/div><\/div>        <\/div>\r\n    <\/div>\r\n<\/section>\n\n<section class=\"latest-news-section\" id=\"\">\r\n    <div class=\"container\">\r\n        <div class=\"row\">\r\n            <div class=\"col-lg-12\">\r\n                <div class=\"section-title\"><h2>NOUVELLES<\/h2><a class=\"c-btn light-btn\" href=\"https:\/\/dev.wearin.tech\/fr\/news-listing\/\" target=\"_blank\">Voir tout<\/a><\/div>            <\/div>\r\n        <\/div>\r\n        <div class=\"row\">\r\n            <div class=\"col-lg-4 spacer\"><a href=\"https:\/\/dev.wearin.tech\/fr\/the-silent-guardian-how-real-time-intelligence-is-transforming-first-responder-safety\/\"><div class=\"post-box\"><div class=\"post-img\" style=\"background-image: url(https:\/\/dev.wearin.tech\/wp-content\/uploads\/2025\/11\/fire-4149480_1280-2-e1762159372890.webp);\"><\/div><div class=\"post-body\"><span>03 d\u00e9cembre 2024<\/span><h4>Le gardien silencieux : comment l'intelligence en temps r\u00e9el transforme la s\u00e9curit\u00e9 des premiers intervenants<\/h4><p>Au petit matin, Nathalie Martin, chef de bataillon d'un service de pompiers bas\u00e9 en Suisse, se tient \u00e0 son poste, les yeux fix\u00e9s sur un tableau de bord qui lui en dit plus que les conversations radio ne pourraient le faire.<\/p><\/div><\/div><\/a><\/div><div class=\"col-lg-4 spacer\"><a href=\"https:\/\/dev.wearin.tech\/fr\/the-wearin-x-dggn-smart-tactical-vest-passes-the-olympic-field-test\/\"><div class=\"post-box\"><div class=\"post-img\" style=\"background-image: url(https:\/\/dev.wearin.tech\/wp-content\/uploads\/2025\/09\/image53.webp);\"><\/div><div class=\"post-body\"><span>03 octobre 2024<\/span><h4>La veste Wearin\u2019 X DGGN Smart Tactical Vest passe le test olympique sur le terrain<\/h4><p>Les Jeux de Paris 2024 ont offert une sc\u00e8ne mondiale \u00e0 Wearin\u2019 et \u00e0 sa technologie IoT con\u00e7ue pour assurer la s\u00e9curit\u00e9 du personnel sur le terrain dans des environnements critiques.<\/p><\/div><\/div><\/a><\/div><div class=\"col-lg-4 spacer\"><a href=\"https:\/\/dev.wearin.tech\/fr\/gestion-des-catastrophes-la-solution-de-wearin-la-startup-du-groupe-technologique-vaudois-conextivity-au-coeur-du-projet-europeen-synergise\/\"><div class=\"post-box\"><div class=\"post-img\" style=\"background-image: url(https:\/\/dev.wearin.tech\/wp-content\/uploads\/2025\/11\/IMG_9045-sacsa\u2310sa\u00bfsaesai-scaled-1-e1763467150637.webp);\"><\/div><div class=\"post-body\"><span>28 octobre 2025<\/span><h4>Gestion des catastrophes : la solution de Wearin\u2019 au c\u0153ur du projet europ\u00e9en SYNERGISE<\/h4><p>Le projet europ\u00e9en SYNERGISE, auquel participe la startup vaudoise Wearin\u2019 en tant que seule entreprise suisse, entre dans une nouvelle phase \u00e0 Wangen an der Aare (BE) avec son quatri\u00e8me test sur le terrain.<\/p><\/div><\/div><\/a><\/div>        <\/div>\r\n    <\/div>\r\n<\/section>","protected":false},"excerpt":{"rendered":"","protected":false},"author":1,"featured_media":0,"parent":0,"menu_order":0,"comment_status":"closed","ping_status":"closed","template":"","meta":{"_acf_changed":false,"inline_featured_image":false,"footnotes":""},"class_list":["post-9","page","type-page","status-publish","hentry"],"acf":[],"_links":{"self":[{"href":"https:\/\/dev.wearin.tech\/fr\/wp-json\/wp\/v2\/pages\/9","targetHints":{"allow":["GET"]}}],"collection":[{"href":"https:\/\/dev.wearin.tech\/fr\/wp-json\/wp\/v2\/pages"}],"about":[{"href":"https:\/\/dev.wearin.tech\/fr\/wp-json\/wp\/v2\/types\/page"}],"author":[{"embeddable":true,"href":"https:\/\/dev.wearin.tech\/fr\/wp-json\/wp\/v2\/users\/1"}],"replies":[{"embeddable":true,"href":"https:\/\/dev.wearin.tech\/fr\/wp-json\/wp\/v2\/comments?post=9"}],"version-history":[{"count":56,"href":"https:\/\/dev.wearin.tech\/fr\/wp-json\/wp\/v2\/pages\/9\/revisions"}],"predecessor-version":[{"id":2248,"href":"https:\/\/dev.wearin.tech\/fr\/wp-json\/wp\/v2\/pages\/9\/revisions\/2248"}],"wp:attachment":[{"href":"https:\/\/dev.wearin.tech\/fr\/wp-json\/wp\/v2\/media?parent=9"}],"curies":[{"name":"wp","href":"https:\/\/api.w.org\/{rel}","templated":true}]}}